{"id":2314,"date":"2023-11-25T16:17:23","date_gmt":"2023-11-25T22:17:23","guid":{"rendered":"https:\/\/libreriahistoriasdebolsillo.com\/?post_type=product&#038;p=2314"},"modified":"2025-02-17T10:59:59","modified_gmt":"2025-02-17T16:59:59","slug":"te-echo-de-menos-tapa-dura","status":"publish","type":"product","link":"https:\/\/libreriahistoriasdebolsillo.com\/index.php\/producto\/te-echo-de-menos-tapa-dura\/","title":{"rendered":"Te echo de menos (Tapa dura)"},"content":{"rendered":"<p>La agente Kat Donovan se topa en una web de citas con su exprometido, Jeff, el hombre que desapareci\u00f3 dieciocho a\u00f1os antes rompi\u00e9ndole el coraz\u00f3n. Pero \u00bfes realmente \u00e9l? Confusa por sus renovados sentimientos y esperanzas, Kat contacta con \u00e9l antes de que alguien la alerte sobre esa web, sobre Jeff y sobre la desaparici\u00f3n de su madre. Juntos tirar\u00e1n del hilo e ir\u00e1n entrando en una espiral de sospechas y de terror al descubrir un montaje monstruoso contra las v\u00edctimas m\u00e1s vulnerables, las que anhelan encontrar un amor en sus vidas.<\/p>\n","protected":false},"excerpt":{"rendered":"<p>Harlan Coben<\/p>\n","protected":false},"featured_media":2315,"template":"","meta":{"_joinchat":[]},"product_brand":[],"product_cat":[37],"product_tag":[48],"class_list":{"0":"post-2314","1":"product","2":"type-product","3":"status-publish","4":"has-post-thumbnail","6":"product_cat-misterio-y-thriller","7":"product_tag-vr-editoras","9":"first","10":"outofstock","11":"shipping-taxable","12":"purchasable","13":"product-type-simple"},"_links":{"self":[{"href":"https:\/\/libreriahistoriasdebolsillo.com\/index.php\/wp-json\/wp\/v2\/product\/2314","targetHints":{"allow":["GET"]}}],"collection":[{"href":"https:\/\/libreriahistoriasdebolsillo.com\/index.php\/wp-json\/wp\/v2\/product"}],"about":[{"href":"https:\/\/libreriahistoriasdebolsillo.com\/index.php\/wp-json\/wp\/v2\/types\/product"}],"wp:featuredmedia":[{"embeddable":true,"href":"https:\/\/libreriahistoriasdebolsillo.com\/index.php\/wp-json\/wp\/v2\/media\/2315"}],"wp:attachment":[{"href":"https:\/\/libreriahistoriasdebolsillo.com\/index.php\/wp-json\/wp\/v2\/media?parent=2314"}],"wp:term":[{"taxonomy":"product_brand","embeddable":true,"href":"https:\/\/libreriahistoriasdebolsillo.com\/index.php\/wp-json\/wp\/v2\/product_brand?post=2314"},{"taxonomy":"product_cat","embeddable":true,"href":"https:\/\/libreriahistoriasdebolsillo.com\/index.php\/wp-json\/wp\/v2\/product_cat?post=2314"},{"taxonomy":"product_tag","embeddable":true,"href":"https:\/\/libreriahistoriasdebolsillo.com\/index.php\/wp-json\/wp\/v2\/product_tag?post=2314"}],"curies":[{"name":"wp","href":"https:\/\/api.w.org\/{rel}","templated":true}]}}