{"id":2320,"date":"2023-11-25T16:23:42","date_gmt":"2023-11-25T22:23:42","guid":{"rendered":"https:\/\/libreriahistoriasdebolsillo.com\/?post_type=product&#038;p=2320"},"modified":"2024-03-12T13:27:22","modified_gmt":"2024-03-12T19:27:22","slug":"jaque-al-psicoanalista","status":"publish","type":"product","link":"https:\/\/libreriahistoriasdebolsillo.com\/index.php\/producto\/jaque-al-psicoanalista\/","title":{"rendered":"El psicoanalista 2. Jaque al psicoanalista"},"content":{"rendered":"<p>Han pasado\u00a0<b>cinco a\u00f1os<\/b>\u00a0desde que el doctor Starks acab\u00f3 con la pesadilla que casi le cuesta la vida y que arras\u00f3 con todo lo que hab\u00eda sido hasta entonces, descubri\u00e9ndole las\u00a0<b>facetas m\u00e1s oscuras del alma humana<\/b>, tambi\u00e9n la suya.<\/p>\n<p>Desde entonces, ha logrado reconstruir su vida profesional y vuelve a ejercer de psicoanalista instalado en\u00a0<b>Miami\u00a0<\/b>y atendiendo a adolescentes con graves problemas psicol\u00f3gicos y tambi\u00e9n a pacientes adinerados de la sociedad de Florida.<\/p>\n<p>Sin embargo, una noche, cuando entra en su consulta, descubre tumbado en el div\u00e1n a aquel al que hab\u00eda dado por muerto:\u00a0<b>Rumplestilskin ha vuelto<\/b>\u00a0y esta vez no busca acabar con \u00e9l sino solicitar su ayuda. Por supuesto, no va a aceptar un no por respuesta.<\/p>\n","protected":false},"excerpt":{"rendered":"<p>John Katzenbach<\/p>\n","protected":false},"featured_media":2321,"template":"","meta":{"_joinchat":[]},"product_brand":[],"product_cat":[37],"product_tag":[34],"class_list":{"0":"post-2320","1":"product","2":"type-product","3":"status-publish","4":"has-post-thumbnail","6":"product_cat-misterio-y-thriller","7":"product_tag-penguin-random-house","9":"first","10":"outofstock","11":"shipping-taxable","12":"purchasable","13":"product-type-simple"},"_links":{"self":[{"href":"https:\/\/libreriahistoriasdebolsillo.com\/index.php\/wp-json\/wp\/v2\/product\/2320","targetHints":{"allow":["GET"]}}],"collection":[{"href":"https:\/\/libreriahistoriasdebolsillo.com\/index.php\/wp-json\/wp\/v2\/product"}],"about":[{"href":"https:\/\/libreriahistoriasdebolsillo.com\/index.php\/wp-json\/wp\/v2\/types\/product"}],"wp:featuredmedia":[{"embeddable":true,"href":"https:\/\/libreriahistoriasdebolsillo.com\/index.php\/wp-json\/wp\/v2\/media\/2321"}],"wp:attachment":[{"href":"https:\/\/libreriahistoriasdebolsillo.com\/index.php\/wp-json\/wp\/v2\/media?parent=2320"}],"wp:term":[{"taxonomy":"product_brand","embeddable":true,"href":"https:\/\/libreriahistoriasdebolsillo.com\/index.php\/wp-json\/wp\/v2\/product_brand?post=2320"},{"taxonomy":"product_cat","embeddable":true,"href":"https:\/\/libreriahistoriasdebolsillo.com\/index.php\/wp-json\/wp\/v2\/product_cat?post=2320"},{"taxonomy":"product_tag","embeddable":true,"href":"https:\/\/libreriahistoriasdebolsillo.com\/index.php\/wp-json\/wp\/v2\/product_tag?post=2320"}],"curies":[{"name":"wp","href":"https:\/\/api.w.org\/{rel}","templated":true}]}}