{"id":2325,"date":"2023-11-25T16:28:09","date_gmt":"2023-11-25T22:28:09","guid":{"rendered":"https:\/\/libreriahistoriasdebolsillo.com\/?post_type=product&#038;p=2325"},"modified":"2026-01-21T17:12:01","modified_gmt":"2026-01-21T23:12:01","slug":"arsene-lupin-1-caballero-ladron","status":"publish","type":"product","link":"https:\/\/libreriahistoriasdebolsillo.com\/index.php\/producto\/arsene-lupin-1-caballero-ladron\/","title":{"rendered":"Arsene Lupin 1. Caballero ladr\u00f3n"},"content":{"rendered":"<p>ARS\u00c8NE LUPIN, enigm\u00e1tico personaje de mil disfraces, escurridizo, sarc\u00e1stico, de una inteligencia y habilidad insuperables, es el protagonista de estos nueve relatos que se entremezclan entre s\u00ed como los cap\u00edtulos de una novela.<\/p>\n<p>Cambia de domicilio, de nombre, de rostro, de escritura y de aspecto con una fineza y sagacidad magistrales. Sus haza\u00f1as acaparan titulares de peri\u00f3dicos y sus caprichos y destrezas no dejar\u00e1n indiferente a lector alguno, ya que nunca se da por vencido.<\/p>\n<p>No te quedes fuera de conocer a este famoso caballero ladr\u00f3n en sus primeras aventuras y descubre por qu\u00e9 se convirti\u00f3 en uno de los personajes m\u00e1s c\u00e9lebres de la literatura polic\u00edaca.<\/p>\n","protected":false},"excerpt":{"rendered":"<p>Maurice Leblanc<\/p>\n","protected":false},"featured_media":2671,"template":"","meta":{"_joinchat":[]},"product_brand":[],"product_cat":[37],"product_tag":[48],"class_list":{"0":"post-2325","1":"product","2":"type-product","3":"status-publish","4":"has-post-thumbnail","6":"product_cat-misterio-y-thriller","7":"product_tag-vr-editoras","9":"first","10":"instock","11":"shipping-taxable","12":"purchasable","13":"product-type-simple"},"_links":{"self":[{"href":"https:\/\/libreriahistoriasdebolsillo.com\/index.php\/wp-json\/wp\/v2\/product\/2325","targetHints":{"allow":["GET"]}}],"collection":[{"href":"https:\/\/libreriahistoriasdebolsillo.com\/index.php\/wp-json\/wp\/v2\/product"}],"about":[{"href":"https:\/\/libreriahistoriasdebolsillo.com\/index.php\/wp-json\/wp\/v2\/types\/product"}],"wp:featuredmedia":[{"embeddable":true,"href":"https:\/\/libreriahistoriasdebolsillo.com\/index.php\/wp-json\/wp\/v2\/media\/2671"}],"wp:attachment":[{"href":"https:\/\/libreriahistoriasdebolsillo.com\/index.php\/wp-json\/wp\/v2\/media?parent=2325"}],"wp:term":[{"taxonomy":"product_brand","embeddable":true,"href":"https:\/\/libreriahistoriasdebolsillo.com\/index.php\/wp-json\/wp\/v2\/product_brand?post=2325"},{"taxonomy":"product_cat","embeddable":true,"href":"https:\/\/libreriahistoriasdebolsillo.com\/index.php\/wp-json\/wp\/v2\/product_cat?post=2325"},{"taxonomy":"product_tag","embeddable":true,"href":"https:\/\/libreriahistoriasdebolsillo.com\/index.php\/wp-json\/wp\/v2\/product_tag?post=2325"}],"curies":[{"name":"wp","href":"https:\/\/api.w.org\/{rel}","templated":true}]}}