{"id":2327,"date":"2023-11-25T16:29:41","date_gmt":"2023-11-25T22:29:41","guid":{"rendered":"https:\/\/libreriahistoriasdebolsillo.com\/?post_type=product&#038;p=2327"},"modified":"2025-01-03T16:59:05","modified_gmt":"2025-01-03T22:59:05","slug":"arsene-lupin-2-contra-herlock-sholmes","status":"publish","type":"product","link":"https:\/\/libreriahistoriasdebolsillo.com\/index.php\/producto\/arsene-lupin-2-contra-herlock-sholmes\/","title":{"rendered":"Ars\u00e8ne Lupin 2. Contra Herlock Sholm\u00e8s"},"content":{"rendered":"<p>El ladr\u00f3n m\u00e1s astuto, refinado y h\u00e1bil de la literatura polic\u00edaca regresa para enfrentarse al m\u00e1s c\u00e9lebre detective ingl\u00e9s en un enfrentamiento m\u00edtico de inteligencia y determinaci\u00f3n.<\/p>\n<p>Esta historia representa una combinaci\u00f3n extraordinaria de intri\u00adga y misterio, no es solo un duelo de dos titanes del ingenio y la deducci\u00f3n, sino tambi\u00e9n la lucha entre dos formas de enfrentar la vida.<\/p>\n<p>Un maestro del enga\u00f1o contra uno de la observaci\u00f3n y el razo\u00adnamiento deductivo. Dos casos que mantendr\u00e1n a los lectores atentos y expectantes ante cada movimiento, luego de que el investigador viaje a Par\u00eds para descubrir secretos que delatar\u00e1n a Lupin.<\/p>\n","protected":false},"excerpt":{"rendered":"<p>Maurice Leblanc<\/p>\n","protected":false},"featured_media":2672,"template":"","meta":{"_joinchat":[]},"product_brand":[],"product_cat":[37],"product_tag":[48],"class_list":{"0":"post-2327","1":"product","2":"type-product","3":"status-publish","4":"has-post-thumbnail","6":"product_cat-misterio-y-thriller","7":"product_tag-vr-editoras","9":"first","10":"instock","11":"shipping-taxable","12":"purchasable","13":"product-type-simple"},"_links":{"self":[{"href":"https:\/\/libreriahistoriasdebolsillo.com\/index.php\/wp-json\/wp\/v2\/product\/2327","targetHints":{"allow":["GET"]}}],"collection":[{"href":"https:\/\/libreriahistoriasdebolsillo.com\/index.php\/wp-json\/wp\/v2\/product"}],"about":[{"href":"https:\/\/libreriahistoriasdebolsillo.com\/index.php\/wp-json\/wp\/v2\/types\/product"}],"wp:featuredmedia":[{"embeddable":true,"href":"https:\/\/libreriahistoriasdebolsillo.com\/index.php\/wp-json\/wp\/v2\/media\/2672"}],"wp:attachment":[{"href":"https:\/\/libreriahistoriasdebolsillo.com\/index.php\/wp-json\/wp\/v2\/media?parent=2327"}],"wp:term":[{"taxonomy":"product_brand","embeddable":true,"href":"https:\/\/libreriahistoriasdebolsillo.com\/index.php\/wp-json\/wp\/v2\/product_brand?post=2327"},{"taxonomy":"product_cat","embeddable":true,"href":"https:\/\/libreriahistoriasdebolsillo.com\/index.php\/wp-json\/wp\/v2\/product_cat?post=2327"},{"taxonomy":"product_tag","embeddable":true,"href":"https:\/\/libreriahistoriasdebolsillo.com\/index.php\/wp-json\/wp\/v2\/product_tag?post=2327"}],"curies":[{"name":"wp","href":"https:\/\/api.w.org\/{rel}","templated":true}]}}