{"id":2331,"date":"2023-11-25T16:33:59","date_gmt":"2023-11-25T22:33:59","guid":{"rendered":"https:\/\/libreriahistoriasdebolsillo.com\/?post_type=product&#038;p=2331"},"modified":"2025-02-14T16:01:13","modified_gmt":"2025-02-14T22:01:13","slug":"no-sabes-mi-nombre","status":"publish","type":"product","link":"https:\/\/libreriahistoriasdebolsillo.com\/index.php\/producto\/no-sabes-mi-nombre\/","title":{"rendered":"No sabes mi nombre"},"content":{"rendered":"<p>Farsante, luchadora, esp\u00eda, estudiante. Esa soy yo. Nos vamos, nos vamos. Puedo sentirlo en los huesos. Estamos a veinticuatro horas de irnos y escondernos en otra ciudad; cuarenta y ocho, si tengo suerte. La habitaci\u00f3n da vueltas, el terror comprime el aire en mis pulmones. No puedo respirar. Quisiera que el reloj que cuenta los minutos que me quedan en casa, en esta vida, avance m\u00e1s lento, pero corre al doble de velocidad. Por favor, no me alejen de \u00e9l. Reagan Elizabeth Hillis tiene diecisiete a\u00f1os y est\u00e1 acostumbrada a cambiar de identidad de la noche a la ma\u00f1ana, a acostarse en la cama de sus amigos y a alejar a cualquier persona que se acerque demasiado. Est\u00e1 entrenada en combate mortal y en el uso de armas. Todos esperan que Reagan siga los pasos de sus padres y se una a la agencia secreta m\u00e1s poderosa del mundo: Los \u00e1ngeles Negros. Pero enamorarse del chico de al lado no era parte del plan. Ahora, Reagan debe decidir: ?usar\u00e1 sus incre\u00edbles talentos y llevar\u00e1 la vida peligrosa en la que naci\u00f3? ?O lo dejar\u00e1 todo para seguir su coraz\u00f3n y aferrarse a una vida normal, lo que siempre quiso? ?Realmente puede elegir?<\/p>\n","protected":false},"excerpt":{"rendered":"<p>Kristen Orlando<\/p>\n","protected":false},"featured_media":2669,"template":"","meta":{"_joinchat":[]},"product_brand":[],"product_cat":[52,37],"product_tag":[48],"class_list":{"0":"post-2331","1":"product","2":"type-product","3":"status-publish","4":"has-post-thumbnail","6":"product_cat-juvenil","7":"product_cat-misterio-y-thriller","8":"product_tag-vr-editoras","10":"first","11":"outofstock","12":"shipping-taxable","13":"purchasable","14":"product-type-simple"},"_links":{"self":[{"href":"https:\/\/libreriahistoriasdebolsillo.com\/index.php\/wp-json\/wp\/v2\/product\/2331","targetHints":{"allow":["GET"]}}],"collection":[{"href":"https:\/\/libreriahistoriasdebolsillo.com\/index.php\/wp-json\/wp\/v2\/product"}],"about":[{"href":"https:\/\/libreriahistoriasdebolsillo.com\/index.php\/wp-json\/wp\/v2\/types\/product"}],"wp:featuredmedia":[{"embeddable":true,"href":"https:\/\/libreriahistoriasdebolsillo.com\/index.php\/wp-json\/wp\/v2\/media\/2669"}],"wp:attachment":[{"href":"https:\/\/libreriahistoriasdebolsillo.com\/index.php\/wp-json\/wp\/v2\/media?parent=2331"}],"wp:term":[{"taxonomy":"product_brand","embeddable":true,"href":"https:\/\/libreriahistoriasdebolsillo.com\/index.php\/wp-json\/wp\/v2\/product_brand?post=2331"},{"taxonomy":"product_cat","embeddable":true,"href":"https:\/\/libreriahistoriasdebolsillo.com\/index.php\/wp-json\/wp\/v2\/product_cat?post=2331"},{"taxonomy":"product_tag","embeddable":true,"href":"https:\/\/libreriahistoriasdebolsillo.com\/index.php\/wp-json\/wp\/v2\/product_tag?post=2331"}],"curies":[{"name":"wp","href":"https:\/\/api.w.org\/{rel}","templated":true}]}}