{"id":2333,"date":"2023-11-25T16:36:26","date_gmt":"2023-11-25T22:36:26","guid":{"rendered":"https:\/\/libreriahistoriasdebolsillo.com\/?post_type=product&#038;p=2333"},"modified":"2023-11-29T16:03:22","modified_gmt":"2023-11-29T22:03:22","slug":"el-rey-de-mimbre","status":"publish","type":"product","link":"https:\/\/libreriahistoriasdebolsillo.com\/index.php\/producto\/el-rey-de-mimbre\/","title":{"rendered":"El rey de mimbre"},"content":{"rendered":"<p>El rey de mimbre es un thriller psicol\u00f3gico que narra la lucha de dos amigos para evitar que uno de ellos llegue a un estado de locura absoluta.<br \/>\nCuando August se entera de que su mejor amigo, Jack, muestra signos de desorden alucinatorio degenerativo, decide que est\u00e1 dispuesto a hacer cualquier cosa para ayudarlo. Las visiones muy v\u00edvidas de Jack toman la forma de un elaborado mundo de fantas\u00eda superpuesto al nuestro, un mundo gobernado por el Rey de mimbre. Mientras Jack los dirige en una b\u00fasqueda con el fin de cumplir una oscura profec\u00eda en este mundo paralelo, August comienza a cuestionarse qu\u00e9 es<br \/>\nreal y qu\u00e9 no lo es. August y Jack luchan por mantenerse a flote mientras oscilan entre la fantas\u00eda y las emociones. Al final, cada uno deber\u00e1 elegir su propia verdad.<\/p>\n","protected":false},"excerpt":{"rendered":"<p>K. Ancrum<\/p>\n","protected":false},"featured_media":2648,"template":"","meta":{"_joinchat":[]},"product_brand":[],"product_cat":[52,37],"product_tag":[48],"class_list":{"0":"post-2333","1":"product","2":"type-product","3":"status-publish","4":"has-post-thumbnail","6":"product_cat-juvenil","7":"product_cat-misterio-y-thriller","8":"product_tag-vr-editoras","10":"first","11":"instock","12":"shipping-taxable","13":"purchasable","14":"product-type-simple"},"_links":{"self":[{"href":"https:\/\/libreriahistoriasdebolsillo.com\/index.php\/wp-json\/wp\/v2\/product\/2333","targetHints":{"allow":["GET"]}}],"collection":[{"href":"https:\/\/libreriahistoriasdebolsillo.com\/index.php\/wp-json\/wp\/v2\/product"}],"about":[{"href":"https:\/\/libreriahistoriasdebolsillo.com\/index.php\/wp-json\/wp\/v2\/types\/product"}],"wp:featuredmedia":[{"embeddable":true,"href":"https:\/\/libreriahistoriasdebolsillo.com\/index.php\/wp-json\/wp\/v2\/media\/2648"}],"wp:attachment":[{"href":"https:\/\/libreriahistoriasdebolsillo.com\/index.php\/wp-json\/wp\/v2\/media?parent=2333"}],"wp:term":[{"taxonomy":"product_brand","embeddable":true,"href":"https:\/\/libreriahistoriasdebolsillo.com\/index.php\/wp-json\/wp\/v2\/product_brand?post=2333"},{"taxonomy":"product_cat","embeddable":true,"href":"https:\/\/libreriahistoriasdebolsillo.com\/index.php\/wp-json\/wp\/v2\/product_cat?post=2333"},{"taxonomy":"product_tag","embeddable":true,"href":"https:\/\/libreriahistoriasdebolsillo.com\/index.php\/wp-json\/wp\/v2\/product_tag?post=2333"}],"curies":[{"name":"wp","href":"https:\/\/api.w.org\/{rel}","templated":true}]}}