{"id":2335,"date":"2023-11-25T16:38:14","date_gmt":"2023-11-25T22:38:14","guid":{"rendered":"https:\/\/libreriahistoriasdebolsillo.com\/?post_type=product&#038;p=2335"},"modified":"2025-02-14T18:20:25","modified_gmt":"2025-02-15T00:20:25","slug":"con-toda-la-furia","status":"publish","type":"product","link":"https:\/\/libreriahistoriasdebolsillo.com\/index.php\/producto\/con-toda-la-furia\/","title":{"rendered":"Con toda la furia"},"content":{"rendered":"<p>La polic\u00eda encuentra a Romy al costado de una carretera. Herida. Con la ropa revuelta. Algo atroz escrito con l\u00e1piz de labios en su est\u00f3mago. Y sin poder recordar nada.\u00a0 No fue la \u00fanica desaparecida esa noche, aunque si la \u00fanica en regresar a casa. \u00bfPor qu\u00e9 ella si y la otra chica no?<\/p>\n<p>Al estr\u00e9s postraum\u00e1tico, a la desesperaci\u00f3n por recordar y a la necesidad por descubrir al culpable, se le sumar\u00e1 el rechazo de todo el mundo. Porque, al parecer, no hay mayor pecado que el que una chica aparezca con vida mientras otra sigue perdida.<\/p>\n<p>Y deber\u00e1 pagar por ello. La har\u00e1n pagar por ello.<\/p>\n<p><em>Con toda la furia<\/em>\u00a0es un libro poderoso y cargado de dolor que explora los prejuicios sociales hacia las v\u00edctimas que se animan a alzar la voy y exigir justicia.<\/p>\n","protected":false},"excerpt":{"rendered":"<p>Courtney Summers<\/p>\n","protected":false},"featured_media":2336,"template":"","meta":{"_joinchat":[]},"product_brand":[],"product_cat":[52,37],"product_tag":[48],"class_list":{"0":"post-2335","1":"product","2":"type-product","3":"status-publish","4":"has-post-thumbnail","6":"product_cat-juvenil","7":"product_cat-misterio-y-thriller","8":"product_tag-vr-editoras","10":"first","11":"outofstock","12":"shipping-taxable","13":"purchasable","14":"product-type-simple"},"_links":{"self":[{"href":"https:\/\/libreriahistoriasdebolsillo.com\/index.php\/wp-json\/wp\/v2\/product\/2335","targetHints":{"allow":["GET"]}}],"collection":[{"href":"https:\/\/libreriahistoriasdebolsillo.com\/index.php\/wp-json\/wp\/v2\/product"}],"about":[{"href":"https:\/\/libreriahistoriasdebolsillo.com\/index.php\/wp-json\/wp\/v2\/types\/product"}],"wp:featuredmedia":[{"embeddable":true,"href":"https:\/\/libreriahistoriasdebolsillo.com\/index.php\/wp-json\/wp\/v2\/media\/2336"}],"wp:attachment":[{"href":"https:\/\/libreriahistoriasdebolsillo.com\/index.php\/wp-json\/wp\/v2\/media?parent=2335"}],"wp:term":[{"taxonomy":"product_brand","embeddable":true,"href":"https:\/\/libreriahistoriasdebolsillo.com\/index.php\/wp-json\/wp\/v2\/product_brand?post=2335"},{"taxonomy":"product_cat","embeddable":true,"href":"https:\/\/libreriahistoriasdebolsillo.com\/index.php\/wp-json\/wp\/v2\/product_cat?post=2335"},{"taxonomy":"product_tag","embeddable":true,"href":"https:\/\/libreriahistoriasdebolsillo.com\/index.php\/wp-json\/wp\/v2\/product_tag?post=2335"}],"curies":[{"name":"wp","href":"https:\/\/api.w.org\/{rel}","templated":true}]}}