{"id":2341,"date":"2023-11-25T16:44:35","date_gmt":"2023-11-25T22:44:35","guid":{"rendered":"https:\/\/libreriahistoriasdebolsillo.com\/?post_type=product&#038;p=2341"},"modified":"2025-02-14T16:53:10","modified_gmt":"2025-02-14T22:53:10","slug":"condenado-a-muerte","status":"publish","type":"product","link":"https:\/\/libreriahistoriasdebolsillo.com\/index.php\/producto\/condenado-a-muerte\/","title":{"rendered":"Condenado a muerte"},"content":{"rendered":"<p>\u00bfEs posible conocer verdaderamente a alguien? Por primera vez en una d\u00e9cada Riley siente esperanzas. Nuevas pistas podr\u00edan evitar que su adorado padre sea ejecutado tras ser acusado de asesinato. Sin embargo, cuando la libertad le es denegada y la condena se vuelve inminente, Riley se embarca en una carrera contra reloj para demostrar su inocencia. Pero \u00bfmerece su padre ser salvado? Una confesi\u00f3n desesperada pondr\u00e1 a prueba la convicci\u00f3n de la joven, har\u00e1 que comience a dudar de todo y de todos, e incrementar\u00e1 su empe\u00f1o para desenterrar la verdad. Riley no descansar\u00e1 hasta que se haga justicia, incluso si eso significa perder a su padre para siempre. Un thriller devastador de la autora de Insomnia, Paranoia y Mania.<\/p>\n","protected":false},"excerpt":{"rendered":"<p>J.R. Johannson<\/p>\n","protected":false},"featured_media":2342,"template":"","meta":{"_joinchat":[]},"product_brand":[],"product_cat":[37],"product_tag":[48],"class_list":{"0":"post-2341","1":"product","2":"type-product","3":"status-publish","4":"has-post-thumbnail","6":"product_cat-misterio-y-thriller","7":"product_tag-vr-editoras","9":"first","10":"outofstock","11":"shipping-taxable","12":"purchasable","13":"product-type-simple"},"_links":{"self":[{"href":"https:\/\/libreriahistoriasdebolsillo.com\/index.php\/wp-json\/wp\/v2\/product\/2341","targetHints":{"allow":["GET"]}}],"collection":[{"href":"https:\/\/libreriahistoriasdebolsillo.com\/index.php\/wp-json\/wp\/v2\/product"}],"about":[{"href":"https:\/\/libreriahistoriasdebolsillo.com\/index.php\/wp-json\/wp\/v2\/types\/product"}],"wp:featuredmedia":[{"embeddable":true,"href":"https:\/\/libreriahistoriasdebolsillo.com\/index.php\/wp-json\/wp\/v2\/media\/2342"}],"wp:attachment":[{"href":"https:\/\/libreriahistoriasdebolsillo.com\/index.php\/wp-json\/wp\/v2\/media?parent=2341"}],"wp:term":[{"taxonomy":"product_brand","embeddable":true,"href":"https:\/\/libreriahistoriasdebolsillo.com\/index.php\/wp-json\/wp\/v2\/product_brand?post=2341"},{"taxonomy":"product_cat","embeddable":true,"href":"https:\/\/libreriahistoriasdebolsillo.com\/index.php\/wp-json\/wp\/v2\/product_cat?post=2341"},{"taxonomy":"product_tag","embeddable":true,"href":"https:\/\/libreriahistoriasdebolsillo.com\/index.php\/wp-json\/wp\/v2\/product_tag?post=2341"}],"curies":[{"name":"wp","href":"https:\/\/api.w.org\/{rel}","templated":true}]}}