{"id":2343,"date":"2023-11-25T16:46:42","date_gmt":"2023-11-25T22:46:42","guid":{"rendered":"https:\/\/libreriahistoriasdebolsillo.com\/?post_type=product&#038;p=2343"},"modified":"2025-02-14T17:38:11","modified_gmt":"2025-02-14T23:38:11","slug":"como-desaparecer","status":"publish","type":"product","link":"https:\/\/libreriahistoriasdebolsillo.com\/index.php\/producto\/como-desaparecer\/","title":{"rendered":"C\u00f3mo desaparecer"},"content":{"rendered":"<p>Gracias a su ansiedad social, Vicky Decker es una maestra en el arte de esconderse a plena vista de todo el mundo. Cuando su mejor y \u00fanica amiga se muda, la soledad de Vicky se vuelve insoportable y decide inventarse toda una nueva vida en Internet sin salir de su habitaci\u00f3n. As\u00ed comienza a editarse en fotograf\u00edas de otras personas y en situaciones divertidas, y a subirlas a Instagram bajo el nombre de Vicuriosa. Pronto se vuelve una celebridad de las redes, pero mientras m\u00e1s y m\u00e1s seguidores obtiene, m\u00e1s claro le resulta que hay miles de personas all\u00ed afuera que se sientes como ella: #solas e #ignoradas en la vida. Para ayudarlos, y para ayudarse a s\u00ed misma, Vicky deber\u00e1 dejar de vivir a trav\u00e9s de Vicuriosa y trasladar toda su magia y optimismo al mundo real. Una historia valiente y cautivadora que nos ense\u00f1a que con un uso positivo de las redes sociales podemos hacer del mundo un mejor lugar.<\/p>\n","protected":false},"excerpt":{"rendered":"<p>Sharon Huss Roat<\/p>\n","protected":false},"featured_media":2344,"template":"","meta":{"_joinchat":[]},"product_brand":[],"product_cat":[52],"product_tag":[48],"class_list":{"0":"post-2343","1":"product","2":"type-product","3":"status-publish","4":"has-post-thumbnail","6":"product_cat-juvenil","7":"product_tag-vr-editoras","9":"first","10":"outofstock","11":"shipping-taxable","12":"purchasable","13":"product-type-simple"},"_links":{"self":[{"href":"https:\/\/libreriahistoriasdebolsillo.com\/index.php\/wp-json\/wp\/v2\/product\/2343","targetHints":{"allow":["GET"]}}],"collection":[{"href":"https:\/\/libreriahistoriasdebolsillo.com\/index.php\/wp-json\/wp\/v2\/product"}],"about":[{"href":"https:\/\/libreriahistoriasdebolsillo.com\/index.php\/wp-json\/wp\/v2\/types\/product"}],"wp:featuredmedia":[{"embeddable":true,"href":"https:\/\/libreriahistoriasdebolsillo.com\/index.php\/wp-json\/wp\/v2\/media\/2344"}],"wp:attachment":[{"href":"https:\/\/libreriahistoriasdebolsillo.com\/index.php\/wp-json\/wp\/v2\/media?parent=2343"}],"wp:term":[{"taxonomy":"product_brand","embeddable":true,"href":"https:\/\/libreriahistoriasdebolsillo.com\/index.php\/wp-json\/wp\/v2\/product_brand?post=2343"},{"taxonomy":"product_cat","embeddable":true,"href":"https:\/\/libreriahistoriasdebolsillo.com\/index.php\/wp-json\/wp\/v2\/product_cat?post=2343"},{"taxonomy":"product_tag","embeddable":true,"href":"https:\/\/libreriahistoriasdebolsillo.com\/index.php\/wp-json\/wp\/v2\/product_tag?post=2343"}],"curies":[{"name":"wp","href":"https:\/\/api.w.org\/{rel}","templated":true}]}}