{"id":2345,"date":"2023-11-25T16:48:25","date_gmt":"2023-11-25T22:48:25","guid":{"rendered":"https:\/\/libreriahistoriasdebolsillo.com\/?post_type=product&#038;p=2345"},"modified":"2024-04-10T12:11:06","modified_gmt":"2024-04-10T18:11:06","slug":"la-caida-de-gondolin","status":"publish","type":"product","link":"https:\/\/libreriahistoriasdebolsillo.com\/index.php\/producto\/la-caida-de-gondolin\/","title":{"rendered":"La Ca\u00edda de Gondolin"},"content":{"rendered":"<p><strong><em>La Ca\u00edda de Gondolin<\/em><\/strong><strong>\u00a0fue, en palabras de J. R. R. Tolkien, \u00abla primera historia real de ese mundo imaginario\u00bb y constituye uno de los tres \u00abGrandes Relatos\u00bb de los D\u00edas Antiguos.<\/strong><\/p>\n<p>En\u00a0<em>La Ca\u00edda de Gondolin<\/em>\u00a0chocan dos de los principales poderes. Morgoth, el mal m\u00e1s absoluto, controla un enorme poder militar. En su profunda oposici\u00f3n est\u00e1 Ulmo, Se\u00f1or de las Aguas, quien trabaja para apoyar a los Noldor, el grupo de elfos entre los que se contaban H\u00farin y T\u00farin Turambar.<br \/>\nEn el centro de este con\u00adflicto se encuentra la ciudad de Gondolin, bella pero oculta. Fue construida por elfos Noldor que se rebelaron contra el poder divino y huyeron a la Tierra Media. Turgon, el rey de Gondolin, es el principal objeto tanto del odio como del miedo de Morgoth, quien trata de descubrir la ciudad escondida.<br \/>\nEn este mundo entra Tuor, el primo de T\u00farin, como instrumento para hacer cumplir los planes de Ulmo. Guiado por el dios emprende un viaje en busca de Gondolin. En esta ciudad Tuor madura; se casa con Idril, hija de Turgon, y tienen a su hijo E\u00e4rendel.<br \/>\nDebido a un acto de traici\u00f3n, Morgoth localiza la ciudad y lanza un ataque devastador. Tras el relato de la ca\u00edda de Gondolin, Tuor y su familia huyen y contemplan las ruinas de su ciudad en llamas. Viajan hacia otra historia, el Cuento de E\u00e4rendel. Tolkien nunca lleg\u00f3 a escribirla, pero en el presente libro se incluye un esbozo de \u00e9sta.<\/p>\n","protected":false},"excerpt":{"rendered":"<p>J.R.R. Tolkien<\/p>\n","protected":false},"featured_media":2346,"template":"","meta":{"_joinchat":[]},"product_brand":[],"product_cat":[39],"product_tag":[45],"class_list":{"0":"post-2345","1":"product","2":"type-product","3":"status-publish","4":"has-post-thumbnail","6":"product_cat-fantasia","7":"product_tag-planeta","9":"first","10":"outofstock","11":"shipping-taxable","12":"purchasable","13":"product-type-simple"},"_links":{"self":[{"href":"https:\/\/libreriahistoriasdebolsillo.com\/index.php\/wp-json\/wp\/v2\/product\/2345","targetHints":{"allow":["GET"]}}],"collection":[{"href":"https:\/\/libreriahistoriasdebolsillo.com\/index.php\/wp-json\/wp\/v2\/product"}],"about":[{"href":"https:\/\/libreriahistoriasdebolsillo.com\/index.php\/wp-json\/wp\/v2\/types\/product"}],"wp:featuredmedia":[{"embeddable":true,"href":"https:\/\/libreriahistoriasdebolsillo.com\/index.php\/wp-json\/wp\/v2\/media\/2346"}],"wp:attachment":[{"href":"https:\/\/libreriahistoriasdebolsillo.com\/index.php\/wp-json\/wp\/v2\/media?parent=2345"}],"wp:term":[{"taxonomy":"product_brand","embeddable":true,"href":"https:\/\/libreriahistoriasdebolsillo.com\/index.php\/wp-json\/wp\/v2\/product_brand?post=2345"},{"taxonomy":"product_cat","embeddable":true,"href":"https:\/\/libreriahistoriasdebolsillo.com\/index.php\/wp-json\/wp\/v2\/product_cat?post=2345"},{"taxonomy":"product_tag","embeddable":true,"href":"https:\/\/libreriahistoriasdebolsillo.com\/index.php\/wp-json\/wp\/v2\/product_tag?post=2345"}],"curies":[{"name":"wp","href":"https:\/\/api.w.org\/{rel}","templated":true}]}}