{"id":2347,"date":"2023-11-25T16:51:36","date_gmt":"2023-11-25T22:51:36","guid":{"rendered":"https:\/\/libreriahistoriasdebolsillo.com\/?post_type=product&#038;p=2347"},"modified":"2023-11-29T15:59:58","modified_gmt":"2023-11-29T21:59:58","slug":"the-boneless-mercies","status":"publish","type":"product","link":"https:\/\/libreriahistoriasdebolsillo.com\/index.php\/producto\/the-boneless-mercies\/","title":{"rendered":"The Boneless Mercies"},"content":{"rendered":"<p>Frey, Ovie, Juniper y Runa son las Boneless Mercies, un grupo de j\u00f3venes al que se lo contrata para asesinar de forma r\u00e1pida, silenciosa y piadosa. Pero Frey est\u00e1 cansada del comercio de la muerte y, por haberse criado con las leyendas heroicas de su pueblo, sue\u00f1a con una vida m\u00e1s grande. Cuando se entera de que un monstruo imparable est\u00e1 causando estragos en una ciudad cercana, decide que es la oportunidad de las Mercies. La fama y la fortuna de derribar a tal bestia asesgurar\u00edan un nuevo futuro para todas ellas. De hecho sus acciones podr\u00edan cambiar la historia de las mujeres en todo el mundo.<\/p>\n","protected":false},"excerpt":{"rendered":"<p>April Genevieve Tucholke<\/p>\n","protected":false},"featured_media":2607,"template":"","meta":{"_joinchat":[]},"product_brand":[],"product_cat":[39,52],"product_tag":[48],"class_list":{"0":"post-2347","1":"product","2":"type-product","3":"status-publish","4":"has-post-thumbnail","6":"product_cat-fantasia","7":"product_cat-juvenil","8":"product_tag-vr-editoras","10":"first","11":"instock","12":"shipping-taxable","13":"purchasable","14":"product-type-simple"},"_links":{"self":[{"href":"https:\/\/libreriahistoriasdebolsillo.com\/index.php\/wp-json\/wp\/v2\/product\/2347","targetHints":{"allow":["GET"]}}],"collection":[{"href":"https:\/\/libreriahistoriasdebolsillo.com\/index.php\/wp-json\/wp\/v2\/product"}],"about":[{"href":"https:\/\/libreriahistoriasdebolsillo.com\/index.php\/wp-json\/wp\/v2\/types\/product"}],"wp:featuredmedia":[{"embeddable":true,"href":"https:\/\/libreriahistoriasdebolsillo.com\/index.php\/wp-json\/wp\/v2\/media\/2607"}],"wp:attachment":[{"href":"https:\/\/libreriahistoriasdebolsillo.com\/index.php\/wp-json\/wp\/v2\/media?parent=2347"}],"wp:term":[{"taxonomy":"product_brand","embeddable":true,"href":"https:\/\/libreriahistoriasdebolsillo.com\/index.php\/wp-json\/wp\/v2\/product_brand?post=2347"},{"taxonomy":"product_cat","embeddable":true,"href":"https:\/\/libreriahistoriasdebolsillo.com\/index.php\/wp-json\/wp\/v2\/product_cat?post=2347"},{"taxonomy":"product_tag","embeddable":true,"href":"https:\/\/libreriahistoriasdebolsillo.com\/index.php\/wp-json\/wp\/v2\/product_tag?post=2347"}],"curies":[{"name":"wp","href":"https:\/\/api.w.org\/{rel}","templated":true}]}}