{"id":2349,"date":"2023-11-25T16:53:49","date_gmt":"2023-11-25T22:53:49","guid":{"rendered":"https:\/\/libreriahistoriasdebolsillo.com\/?post_type=product&#038;p=2349"},"modified":"2025-01-08T12:24:00","modified_gmt":"2025-01-08T18:24:00","slug":"los-otros-animatronicos-five-nights-at-freddys-2","status":"publish","type":"product","link":"https:\/\/libreriahistoriasdebolsillo.com\/index.php\/producto\/los-otros-animatronicos-five-nights-at-freddys-2\/","title":{"rendered":"Five Nights at Freddy&#8217;s 2. Los otros animatr\u00f3nicos"},"content":{"rendered":"<p>Ya pas\u00f3 un a\u00f1o desde los terribles acontecimientos en Freddy Fazbear&#8217;s Pizza, y Charlie est\u00e1 haciendo todo lo posible por seguir adelante. Ni la emoci\u00f3n por empezar en una nueva escuela puede hacerla olvidar lo sucedido; siguen persigui\u00e9ndola y atormentando las<b>\u00a0pesadillas de un asesino enmascarado y sus cuatro temibles animatr\u00f3nicos.<\/b><\/p>\n<p>Charlie quiere creer que aquella experiencia ya termin\u00f3, pero cuando descubren una serie de\u00a0<b>cuerpos llenos de heridas<\/b>\u00a0cerca de la escuela que le resultan inquietantemente familiares, se ver\u00e1 arrastrada de nuevo al mundo de aquellos\u00a0<b>horribles seres<\/b>\u00a0creados por su padre.<\/p>\n<p>Hay algo absolutamente retorcido que est\u00e1 a punto de atrapar a Charlie, y\u00a0<b>esta vez no la dejar\u00e1 escapar.<\/b><\/p>\n","protected":false},"excerpt":{"rendered":"<p>Scott Cawthon y Kira Breed Wrisley<\/p>\n","protected":false},"featured_media":2350,"template":"","meta":{"_joinchat":[]},"product_brand":[],"product_cat":[52,36],"product_tag":[34],"class_list":{"0":"post-2349","1":"product","2":"type-product","3":"status-publish","4":"has-post-thumbnail","6":"product_cat-juvenil","7":"product_cat-terror-y-paranormal","8":"product_tag-penguin-random-house","10":"first","11":"outofstock","12":"shipping-taxable","13":"purchasable","14":"product-type-simple"},"_links":{"self":[{"href":"https:\/\/libreriahistoriasdebolsillo.com\/index.php\/wp-json\/wp\/v2\/product\/2349","targetHints":{"allow":["GET"]}}],"collection":[{"href":"https:\/\/libreriahistoriasdebolsillo.com\/index.php\/wp-json\/wp\/v2\/product"}],"about":[{"href":"https:\/\/libreriahistoriasdebolsillo.com\/index.php\/wp-json\/wp\/v2\/types\/product"}],"wp:featuredmedia":[{"embeddable":true,"href":"https:\/\/libreriahistoriasdebolsillo.com\/index.php\/wp-json\/wp\/v2\/media\/2350"}],"wp:attachment":[{"href":"https:\/\/libreriahistoriasdebolsillo.com\/index.php\/wp-json\/wp\/v2\/media?parent=2349"}],"wp:term":[{"taxonomy":"product_brand","embeddable":true,"href":"https:\/\/libreriahistoriasdebolsillo.com\/index.php\/wp-json\/wp\/v2\/product_brand?post=2349"},{"taxonomy":"product_cat","embeddable":true,"href":"https:\/\/libreriahistoriasdebolsillo.com\/index.php\/wp-json\/wp\/v2\/product_cat?post=2349"},{"taxonomy":"product_tag","embeddable":true,"href":"https:\/\/libreriahistoriasdebolsillo.com\/index.php\/wp-json\/wp\/v2\/product_tag?post=2349"}],"curies":[{"name":"wp","href":"https:\/\/api.w.org\/{rel}","templated":true}]}}