{"id":2353,"date":"2023-11-25T17:02:12","date_gmt":"2023-11-25T23:02:12","guid":{"rendered":"https:\/\/libreriahistoriasdebolsillo.com\/?post_type=product&#038;p=2353"},"modified":"2023-11-29T15:57:34","modified_gmt":"2023-11-29T21:57:34","slug":"extrana-gracia","status":"publish","type":"product","link":"https:\/\/libreriahistoriasdebolsillo.com\/index.php\/producto\/extrana-gracia\/","title":{"rendered":"Extra\u00f1a Gracia"},"content":{"rendered":"<p>Una vez una bruja y un demonio hicieron un pacto. La leyenda dice que se amaban con locura. Pero \u00bfse puede confiar en las historias? Este a\u00f1o, la Luna del Sacrificio se ha alzado antes de lo planeado sobre Las Tres Gracias, el Bosque del Demonio reclama un nuevo m\u00e1rtir a cambio de paz y protecci\u00f3n. Mairwen, la bruja; Rhun, el santo y Arthur, el rechazado son los candidatos m\u00e1s probables, por el deber a su pueblo, por los secretos y por el amor que los une. Sin embargo, el demonio que deber\u00e1n enfrentar no es como dictan las leyendas\u2026 En el camino, desenterrar\u00e1n tales verdades que dar\u00e1n vuelta su mundo. Y destruir\u00e1n sus corazones.<\/p>\n","protected":false},"excerpt":{"rendered":"<p>Tessa Gratton<\/p>\n","protected":false},"featured_media":2597,"template":"","meta":{"_joinchat":[]},"product_brand":[],"product_cat":[39,54,38],"product_tag":[48],"class_list":{"0":"post-2353","1":"product","2":"type-product","3":"status-publish","4":"has-post-thumbnail","6":"product_cat-fantasia","7":"product_cat-infantil","8":"product_cat-lgbtq","9":"product_tag-vr-editoras","11":"first","12":"instock","13":"shipping-taxable","14":"purchasable","15":"product-type-simple"},"_links":{"self":[{"href":"https:\/\/libreriahistoriasdebolsillo.com\/index.php\/wp-json\/wp\/v2\/product\/2353","targetHints":{"allow":["GET"]}}],"collection":[{"href":"https:\/\/libreriahistoriasdebolsillo.com\/index.php\/wp-json\/wp\/v2\/product"}],"about":[{"href":"https:\/\/libreriahistoriasdebolsillo.com\/index.php\/wp-json\/wp\/v2\/types\/product"}],"wp:featuredmedia":[{"embeddable":true,"href":"https:\/\/libreriahistoriasdebolsillo.com\/index.php\/wp-json\/wp\/v2\/media\/2597"}],"wp:attachment":[{"href":"https:\/\/libreriahistoriasdebolsillo.com\/index.php\/wp-json\/wp\/v2\/media?parent=2353"}],"wp:term":[{"taxonomy":"product_brand","embeddable":true,"href":"https:\/\/libreriahistoriasdebolsillo.com\/index.php\/wp-json\/wp\/v2\/product_brand?post=2353"},{"taxonomy":"product_cat","embeddable":true,"href":"https:\/\/libreriahistoriasdebolsillo.com\/index.php\/wp-json\/wp\/v2\/product_cat?post=2353"},{"taxonomy":"product_tag","embeddable":true,"href":"https:\/\/libreriahistoriasdebolsillo.com\/index.php\/wp-json\/wp\/v2\/product_tag?post=2353"}],"curies":[{"name":"wp","href":"https:\/\/api.w.org\/{rel}","templated":true}]}}