{"id":2357,"date":"2023-11-25T17:09:27","date_gmt":"2023-11-25T23:09:27","guid":{"rendered":"https:\/\/libreriahistoriasdebolsillo.com\/?post_type=product&#038;p=2357"},"modified":"2024-05-02T11:23:26","modified_gmt":"2024-05-02T17:23:26","slug":"crepusculo-saga-crepusculo-1","status":"publish","type":"product","link":"https:\/\/libreriahistoriasdebolsillo.com\/index.php\/producto\/crepusculo-saga-crepusculo-1\/","title":{"rendered":"Saga Crep\u00fasculo 1. Crep\u00fasculo"},"content":{"rendered":"<p><b>N\u00famero 1 en la lista de bestsellers de\u00a0<\/b><i><b>The New York Times\u00a0<\/b><\/i><b>y de\u00a0<\/b><i><b>USA Today<\/b><\/i><b>. Mejor Novela Young Adult de Todos los Tiempos por la revista\u00a0<\/b><i><b>Time<\/b><\/i><b>.<\/b><\/p>\n<p><b>La Saga Crep\u00fasculo, en la que se incluyen los t\u00edtulos\u00a0<\/b><i><b>Crep\u00fasculo, Luna nueva, Eclipse\u00a0<\/b><\/i><b>y\u00a0<\/b><i><b>Amanecer<\/b><\/i><b>, ha vendido ya cerca de 155 millones de copias en todo el mundo y m\u00e1s de 3 millones de ejemplares solo en Espa\u00f1a.<\/b><\/p>\n<p>Cuando\u00a0<b>Isabella Swan\u00a0<\/b>se muda a Forks, una peque\u00f1a localidad del estado de Washington donde no deja de llover, piensa que es lo m\u00e1s aburrido que le pod\u00eda haber ocurrido. Pero su vida da un giro excitante y aterrador una vez que se encuentra con el misterioso y seductor\u00a0<b>Edward Cullen<\/b>. Hasta ese momento, Edward se las hab\u00eda arreglado para mantener en secreto su identidad vamp\u00edrica, pero ahora ya nadie est\u00e1 a salvo, ni siquiera la persona a quien \u00e9l m\u00e1s quiere: Isabella.<\/p>\n","protected":false},"excerpt":{"rendered":"<p>Stephenie Meyer<\/p>\n","protected":false},"featured_media":2358,"template":"","meta":{"_joinchat":[]},"product_brand":[],"product_cat":[39,77,35],"product_tag":[34],"class_list":{"0":"post-2357","1":"product","2":"type-product","3":"status-publish","4":"has-post-thumbnail","6":"product_cat-fantasia","7":"product_cat-fantasia-urbana","8":"product_cat-romantica","9":"product_tag-penguin-random-house","11":"first","12":"outofstock","13":"shipping-taxable","14":"purchasable","15":"product-type-simple"},"_links":{"self":[{"href":"https:\/\/libreriahistoriasdebolsillo.com\/index.php\/wp-json\/wp\/v2\/product\/2357","targetHints":{"allow":["GET"]}}],"collection":[{"href":"https:\/\/libreriahistoriasdebolsillo.com\/index.php\/wp-json\/wp\/v2\/product"}],"about":[{"href":"https:\/\/libreriahistoriasdebolsillo.com\/index.php\/wp-json\/wp\/v2\/types\/product"}],"wp:featuredmedia":[{"embeddable":true,"href":"https:\/\/libreriahistoriasdebolsillo.com\/index.php\/wp-json\/wp\/v2\/media\/2358"}],"wp:attachment":[{"href":"https:\/\/libreriahistoriasdebolsillo.com\/index.php\/wp-json\/wp\/v2\/media?parent=2357"}],"wp:term":[{"taxonomy":"product_brand","embeddable":true,"href":"https:\/\/libreriahistoriasdebolsillo.com\/index.php\/wp-json\/wp\/v2\/product_brand?post=2357"},{"taxonomy":"product_cat","embeddable":true,"href":"https:\/\/libreriahistoriasdebolsillo.com\/index.php\/wp-json\/wp\/v2\/product_cat?post=2357"},{"taxonomy":"product_tag","embeddable":true,"href":"https:\/\/libreriahistoriasdebolsillo.com\/index.php\/wp-json\/wp\/v2\/product_tag?post=2357"}],"curies":[{"name":"wp","href":"https:\/\/api.w.org\/{rel}","templated":true}]}}