{"id":2359,"date":"2023-11-25T17:11:42","date_gmt":"2023-11-25T23:11:42","guid":{"rendered":"https:\/\/libreriahistoriasdebolsillo.com\/?post_type=product&#038;p=2359"},"modified":"2024-05-02T11:23:20","modified_gmt":"2024-05-02T17:23:20","slug":"luna-nueva-saga-crepusculo-2","status":"publish","type":"product","link":"https:\/\/libreriahistoriasdebolsillo.com\/index.php\/producto\/luna-nueva-saga-crepusculo-2\/","title":{"rendered":"Saga Crep\u00fasculo 2. Luna nueva"},"content":{"rendered":"<p>Para <b>Bella Swan<\/b>\u00a0hay una cosa m\u00e1s importante que su propia vida:\u00a0<b>Edward Cullen<\/b>. Pero enamorarse de un\u00a0<b>vampiro<\/b>\u00a0es m\u00e1s peligroso de lo que Bella podr\u00eda haber imaginado. Edward ya ha rescatado a Bella de las garras de un diab\u00f3lico vampiro, pero ahora, a medida que su arriesgada relaci\u00f3n amenaza todo lo que es cercano y querido para ellos, se dan cuenta de que quiz\u00e1s sus problemas no hayan hecho nada m\u00e1s que empezar&#8230;<\/p>\n","protected":false},"excerpt":{"rendered":"<p>Stephenie Meyer<\/p>\n","protected":false},"featured_media":2360,"template":"","meta":{"_joinchat":[]},"product_brand":[],"product_cat":[39,51,35],"product_tag":[34],"class_list":{"0":"post-2359","1":"product","2":"type-product","3":"status-publish","4":"has-post-thumbnail","6":"product_cat-fantasia","7":"product_cat-oferta","8":"product_cat-romantica","9":"product_tag-penguin-random-house","11":"first","12":"outofstock","13":"sale","14":"shipping-taxable","15":"purchasable","16":"product-type-simple"},"_links":{"self":[{"href":"https:\/\/libreriahistoriasdebolsillo.com\/index.php\/wp-json\/wp\/v2\/product\/2359","targetHints":{"allow":["GET"]}}],"collection":[{"href":"https:\/\/libreriahistoriasdebolsillo.com\/index.php\/wp-json\/wp\/v2\/product"}],"about":[{"href":"https:\/\/libreriahistoriasdebolsillo.com\/index.php\/wp-json\/wp\/v2\/types\/product"}],"wp:featuredmedia":[{"embeddable":true,"href":"https:\/\/libreriahistoriasdebolsillo.com\/index.php\/wp-json\/wp\/v2\/media\/2360"}],"wp:attachment":[{"href":"https:\/\/libreriahistoriasdebolsillo.com\/index.php\/wp-json\/wp\/v2\/media?parent=2359"}],"wp:term":[{"taxonomy":"product_brand","embeddable":true,"href":"https:\/\/libreriahistoriasdebolsillo.com\/index.php\/wp-json\/wp\/v2\/product_brand?post=2359"},{"taxonomy":"product_cat","embeddable":true,"href":"https:\/\/libreriahistoriasdebolsillo.com\/index.php\/wp-json\/wp\/v2\/product_cat?post=2359"},{"taxonomy":"product_tag","embeddable":true,"href":"https:\/\/libreriahistoriasdebolsillo.com\/index.php\/wp-json\/wp\/v2\/product_tag?post=2359"}],"curies":[{"name":"wp","href":"https:\/\/api.w.org\/{rel}","templated":true}]}}