{"id":2361,"date":"2023-11-25T17:13:17","date_gmt":"2023-11-25T23:13:17","guid":{"rendered":"https:\/\/libreriahistoriasdebolsillo.com\/?post_type=product&#038;p=2361"},"modified":"2024-05-02T11:23:15","modified_gmt":"2024-05-02T17:23:15","slug":"eclipse-saga-crepusculo-3","status":"publish","type":"product","link":"https:\/\/libreriahistoriasdebolsillo.com\/index.php\/producto\/eclipse-saga-crepusculo-3\/","title":{"rendered":"Saga Crep\u00fasculo 3. Eclipse"},"content":{"rendered":"<p><b>Bella<\/b>\u00a0se encuentra de nuevo en peligro: una serie de misteriosos asesinatos est\u00e1 sembrando el p\u00e1nico en la localidad y hay un ser maligno tras ella, sediento de venganza. Adem\u00e1s, tendr\u00e1 que elegir entre su amor por\u00a0<b>Edward<\/b>\u00a0y su amistad con\u00a0<b>Jacob<\/b>, consciente de que su decisi\u00f3n podr\u00e1 desencadenar definitivamente la guerra entre vampiros y hombres lobo. Mientras se va acercando su graduaci\u00f3n se le presenta un nuevo dilema mucho m\u00e1s complejo: vida o muerte. Pero \u00bfcu\u00e1l es cu\u00e1l?<\/p>\n","protected":false},"excerpt":{"rendered":"<p>Stephenie Meyer<\/p>\n","protected":false},"featured_media":2362,"template":"","meta":{"_joinchat":[]},"product_brand":[],"product_cat":[39,51,35],"product_tag":[34],"class_list":{"0":"post-2361","1":"product","2":"type-product","3":"status-publish","4":"has-post-thumbnail","6":"product_cat-fantasia","7":"product_cat-oferta","8":"product_cat-romantica","9":"product_tag-penguin-random-house","11":"first","12":"outofstock","13":"sale","14":"shipping-taxable","15":"purchasable","16":"product-type-simple"},"_links":{"self":[{"href":"https:\/\/libreriahistoriasdebolsillo.com\/index.php\/wp-json\/wp\/v2\/product\/2361","targetHints":{"allow":["GET"]}}],"collection":[{"href":"https:\/\/libreriahistoriasdebolsillo.com\/index.php\/wp-json\/wp\/v2\/product"}],"about":[{"href":"https:\/\/libreriahistoriasdebolsillo.com\/index.php\/wp-json\/wp\/v2\/types\/product"}],"wp:featuredmedia":[{"embeddable":true,"href":"https:\/\/libreriahistoriasdebolsillo.com\/index.php\/wp-json\/wp\/v2\/media\/2362"}],"wp:attachment":[{"href":"https:\/\/libreriahistoriasdebolsillo.com\/index.php\/wp-json\/wp\/v2\/media?parent=2361"}],"wp:term":[{"taxonomy":"product_brand","embeddable":true,"href":"https:\/\/libreriahistoriasdebolsillo.com\/index.php\/wp-json\/wp\/v2\/product_brand?post=2361"},{"taxonomy":"product_cat","embeddable":true,"href":"https:\/\/libreriahistoriasdebolsillo.com\/index.php\/wp-json\/wp\/v2\/product_cat?post=2361"},{"taxonomy":"product_tag","embeddable":true,"href":"https:\/\/libreriahistoriasdebolsillo.com\/index.php\/wp-json\/wp\/v2\/product_tag?post=2361"}],"curies":[{"name":"wp","href":"https:\/\/api.w.org\/{rel}","templated":true}]}}