{"id":2365,"date":"2023-11-25T17:18:44","date_gmt":"2023-11-25T23:18:44","guid":{"rendered":"https:\/\/libreriahistoriasdebolsillo.com\/?post_type=product&#038;p=2365"},"modified":"2023-11-29T15:54:04","modified_gmt":"2023-11-29T21:54:04","slug":"grim-lovelies","status":"publish","type":"product","link":"https:\/\/libreriahistoriasdebolsillo.com\/index.php\/producto\/grim-lovelies\/","title":{"rendered":"Grim Lovelies"},"content":{"rendered":"<p>No puedes detener la medianoche, pero puedes pelear por tu humanidad. Anouk no pertenece al mundo humano. Hasta hace poco ni siquiera era una persona: lleg\u00f3 a la vida como un animal y se convirti\u00f3 en una muchacha gracias a un hechizo lanzado por su ama, la poderosa Mada Vittora. Como fierecilla, Anouk est\u00e1 condenada a servir a su ama. Pero no puede dejar de so\u00f1ar con el mundo detr\u00e1s de la ventana y de envidiar a los humanos por su libertad. Hasta que Mada Vittora es brutalmente asesinada y Los Nobles de las Sombras, la realeza m\u00e1gica, sospechan que fue Anouk o alguno de sus hermanos. Mientras la joven comienza una carrera por salvar su propio pellejo tambi\u00e9n debe preocuparse por un enemigo mayor: el reloj. Ahora que la Mada ha muerto, si no logran hallar a otra hechicera dispuesta a renovar el conjuro de las fierecillas antes de la medianoche, Anouk y todos a quienes ama volver\u00e1n a ser bestias. Sin consciencia. Sin libertad. Pero luchar\u00e1, porque no est\u00e1 dispuesta a regresar a la oscuridad y perder lo \u00fanico que realmente importa: su humanidad.<\/p>\n","protected":false},"excerpt":{"rendered":"<p>Megan Shepherd<\/p>\n","protected":false},"featured_media":2598,"template":"","meta":{"_joinchat":[]},"product_brand":[],"product_cat":[39,52],"product_tag":[48],"class_list":{"0":"post-2365","1":"product","2":"type-product","3":"status-publish","4":"has-post-thumbnail","6":"product_cat-fantasia","7":"product_cat-juvenil","8":"product_tag-vr-editoras","10":"first","11":"instock","12":"shipping-taxable","13":"purchasable","14":"product-type-simple"},"_links":{"self":[{"href":"https:\/\/libreriahistoriasdebolsillo.com\/index.php\/wp-json\/wp\/v2\/product\/2365","targetHints":{"allow":["GET"]}}],"collection":[{"href":"https:\/\/libreriahistoriasdebolsillo.com\/index.php\/wp-json\/wp\/v2\/product"}],"about":[{"href":"https:\/\/libreriahistoriasdebolsillo.com\/index.php\/wp-json\/wp\/v2\/types\/product"}],"wp:featuredmedia":[{"embeddable":true,"href":"https:\/\/libreriahistoriasdebolsillo.com\/index.php\/wp-json\/wp\/v2\/media\/2598"}],"wp:attachment":[{"href":"https:\/\/libreriahistoriasdebolsillo.com\/index.php\/wp-json\/wp\/v2\/media?parent=2365"}],"wp:term":[{"taxonomy":"product_brand","embeddable":true,"href":"https:\/\/libreriahistoriasdebolsillo.com\/index.php\/wp-json\/wp\/v2\/product_brand?post=2365"},{"taxonomy":"product_cat","embeddable":true,"href":"https:\/\/libreriahistoriasdebolsillo.com\/index.php\/wp-json\/wp\/v2\/product_cat?post=2365"},{"taxonomy":"product_tag","embeddable":true,"href":"https:\/\/libreriahistoriasdebolsillo.com\/index.php\/wp-json\/wp\/v2\/product_tag?post=2365"}],"curies":[{"name":"wp","href":"https:\/\/api.w.org\/{rel}","templated":true}]}}