{"id":2367,"date":"2023-11-25T17:20:39","date_gmt":"2023-11-25T23:20:39","guid":{"rendered":"https:\/\/libreriahistoriasdebolsillo.com\/?post_type=product&#038;p=2367"},"modified":"2024-07-03T14:51:25","modified_gmt":"2024-07-03T20:51:25","slug":"escuadron-citoverso-1","status":"publish","type":"product","link":"https:\/\/libreriahistoriasdebolsillo.com\/index.php\/producto\/escuadron-citoverso-1\/","title":{"rendered":"Citoverso 1. Escuadr\u00f3n"},"content":{"rendered":"<p>El mundo lleva siglos en guerra; la humanidad est\u00e1 atrapada en un planeta constantemente atacado por unos alien\u00edgenas decididos a destruirla. Los pilotos son los \u00fanicos h\u00e9roes dispuestos a combatir al enemigo.<\/p>\n<p>Spensa es una joven que siempre ha so\u00f1ado con convertirse en piloto y defender a la Tierra. Pero su destino se cruza con el de su padre, un piloto que fue asesinado tras abandonar a su equipo, anulando sus opciones de asistir a la escuela de vuelo. De pronto, el ataque alien\u00edgena ha hecho duplicar la flota a\u00e9rea de los humanos, facilitando que Spensa ahora s\u00ed pueda volar al espacio&#8230;<\/p>\n","protected":false},"excerpt":{"rendered":"<p>Brandon Sanderson<\/p>\n","protected":false},"featured_media":2368,"template":"","meta":{"_joinchat":[]},"product_brand":[],"product_cat":[40,39],"product_tag":[34],"class_list":{"0":"post-2367","1":"product","2":"type-product","3":"status-publish","4":"has-post-thumbnail","6":"product_cat-ciencia-ficcion","7":"product_cat-fantasia","8":"product_tag-penguin-random-house","10":"first","11":"outofstock","12":"shipping-taxable","13":"purchasable","14":"product-type-simple"},"_links":{"self":[{"href":"https:\/\/libreriahistoriasdebolsillo.com\/index.php\/wp-json\/wp\/v2\/product\/2367","targetHints":{"allow":["GET"]}}],"collection":[{"href":"https:\/\/libreriahistoriasdebolsillo.com\/index.php\/wp-json\/wp\/v2\/product"}],"about":[{"href":"https:\/\/libreriahistoriasdebolsillo.com\/index.php\/wp-json\/wp\/v2\/types\/product"}],"wp:featuredmedia":[{"embeddable":true,"href":"https:\/\/libreriahistoriasdebolsillo.com\/index.php\/wp-json\/wp\/v2\/media\/2368"}],"wp:attachment":[{"href":"https:\/\/libreriahistoriasdebolsillo.com\/index.php\/wp-json\/wp\/v2\/media?parent=2367"}],"wp:term":[{"taxonomy":"product_brand","embeddable":true,"href":"https:\/\/libreriahistoriasdebolsillo.com\/index.php\/wp-json\/wp\/v2\/product_brand?post=2367"},{"taxonomy":"product_cat","embeddable":true,"href":"https:\/\/libreriahistoriasdebolsillo.com\/index.php\/wp-json\/wp\/v2\/product_cat?post=2367"},{"taxonomy":"product_tag","embeddable":true,"href":"https:\/\/libreriahistoriasdebolsillo.com\/index.php\/wp-json\/wp\/v2\/product_tag?post=2367"}],"curies":[{"name":"wp","href":"https:\/\/api.w.org\/{rel}","templated":true}]}}