{"id":2369,"date":"2023-11-25T17:22:30","date_gmt":"2023-11-25T23:22:30","guid":{"rendered":"https:\/\/libreriahistoriasdebolsillo.com\/?post_type=product&#038;p=2369"},"modified":"2024-07-03T14:51:56","modified_gmt":"2024-07-03T20:51:56","slug":"estelar-citoverso-2","status":"publish","type":"product","link":"https:\/\/libreriahistoriasdebolsillo.com\/index.php\/producto\/estelar-citoverso-2\/","title":{"rendered":"Citoverso 2. Estelar"},"content":{"rendered":"<p>Este es el segundo libro de una serie \u00e9pica sobre una chica que guarda un secreto en un peligroso mundo en guerra por el futuro de la humanidad. En \u00e9l contin\u00faan las aventuras de Spensa Nightshade, la joven piloto que ha conseguido un puesto en el escuadr\u00f3n de defensa de la humanidad contra los ataques alien\u00edgenas.<\/p>\n<p>En realidad, ella siempre quiso ser piloto: poder probar que es una hero\u00edna, como su padre. Y aunque lleg\u00f3 a lo m\u00e1s alto, los secretos que desenmascar\u00f3 sobre su padre fueron aplastantes.<\/p>\n<p>Los rumores sobre su cobard\u00eda resultaron ciertos. Abandon\u00f3 su vuelo durante la batalla contra los Krell. Peor a\u00fan# se volvi\u00f3 contra su equipo y los atac\u00f3. Sin embargo, Spensa est\u00e1 segura de que hay a\u00fan m\u00e1s por descubrir en esa historia. Y, si es necesario, viajar\u00e1 hasta el fin de la galaxia para salvar a la humanidad.<\/p>\n","protected":false},"excerpt":{"rendered":"<p>Brandon Sanderson<\/p>\n","protected":false},"featured_media":2370,"template":"","meta":{"_joinchat":[]},"product_brand":[],"product_cat":[40,39],"product_tag":[34],"class_list":{"0":"post-2369","1":"product","2":"type-product","3":"status-publish","4":"has-post-thumbnail","6":"product_cat-ciencia-ficcion","7":"product_cat-fantasia","8":"product_tag-penguin-random-house","10":"first","11":"outofstock","12":"shipping-taxable","13":"purchasable","14":"product-type-simple"},"_links":{"self":[{"href":"https:\/\/libreriahistoriasdebolsillo.com\/index.php\/wp-json\/wp\/v2\/product\/2369","targetHints":{"allow":["GET"]}}],"collection":[{"href":"https:\/\/libreriahistoriasdebolsillo.com\/index.php\/wp-json\/wp\/v2\/product"}],"about":[{"href":"https:\/\/libreriahistoriasdebolsillo.com\/index.php\/wp-json\/wp\/v2\/types\/product"}],"wp:featuredmedia":[{"embeddable":true,"href":"https:\/\/libreriahistoriasdebolsillo.com\/index.php\/wp-json\/wp\/v2\/media\/2370"}],"wp:attachment":[{"href":"https:\/\/libreriahistoriasdebolsillo.com\/index.php\/wp-json\/wp\/v2\/media?parent=2369"}],"wp:term":[{"taxonomy":"product_brand","embeddable":true,"href":"https:\/\/libreriahistoriasdebolsillo.com\/index.php\/wp-json\/wp\/v2\/product_brand?post=2369"},{"taxonomy":"product_cat","embeddable":true,"href":"https:\/\/libreriahistoriasdebolsillo.com\/index.php\/wp-json\/wp\/v2\/product_cat?post=2369"},{"taxonomy":"product_tag","embeddable":true,"href":"https:\/\/libreriahistoriasdebolsillo.com\/index.php\/wp-json\/wp\/v2\/product_tag?post=2369"}],"curies":[{"name":"wp","href":"https:\/\/api.w.org\/{rel}","templated":true}]}}