{"id":2373,"date":"2023-11-25T17:27:01","date_gmt":"2023-11-25T23:27:01","guid":{"rendered":"https:\/\/libreriahistoriasdebolsillo.com\/?post_type=product&#038;p=2373"},"modified":"2025-02-14T17:37:25","modified_gmt":"2025-02-14T23:37:25","slug":"la-ladrona-del-diablo-2","status":"publish","type":"product","link":"https:\/\/libreriahistoriasdebolsillo.com\/index.php\/producto\/la-ladrona-del-diablo-2\/","title":{"rendered":"La ladrona del diablo 2"},"content":{"rendered":"<p>Estrella crey\u00f3 que el Libro ser\u00eda la clave para librar a los Mageus de la Orden, pero el peligro que conten\u00edan sus p\u00e1ginas era mucho m\u00e1s grande de lo que imaginaba\u2026 Sus padres han sido asesinados. Su vida robada y todo lo que cre\u00eda saber sobre la magia result\u00f3 una mentira. Ahora el poder furioso del Libro vive en Harte y, si \u00e9l no logra controlarlo, destruir\u00e1 al mundo para obtener su venganza\u2026 y utilizar\u00e1 a Estrella para conseguirlo. Para poder dominarlo, Estrella y Harte deber\u00e1n encontrar cuatro piedras que se hallan perdidas a trav\u00e9s del continente. Pero en el mundo fuera de la ciudad los esperan algunas sorpresas desagradables: ciertos Mageus se niegan a vivir en las sombras y la Orden no es la \u00fanica que desea aplastarlos. En St. Louis se esconde la primera piedra, junto a un viejo enemigo que busca venganza y a uno nuevo que cobra fuerzas. En Nueva York, Viola y Jianyu deber\u00e1n derrotar a un traidor en una ciudad sumergida en el caos. Y mientras el pasado y el futuro colisionan, el tiempo para reescribir la historia comienza a acabarse. Incluso para una ladrona capaz de viajar en el tiempo.<\/p>\n","protected":false},"excerpt":{"rendered":"<p>Lisa Maxwell<\/p>\n","protected":false},"featured_media":2374,"template":"","meta":{"_joinchat":[]},"product_brand":[],"product_cat":[39],"product_tag":[48],"class_list":{"0":"post-2373","1":"product","2":"type-product","3":"status-publish","4":"has-post-thumbnail","6":"product_cat-fantasia","7":"product_tag-vr-editoras","9":"first","10":"outofstock","11":"shipping-taxable","12":"purchasable","13":"product-type-simple"},"_links":{"self":[{"href":"https:\/\/libreriahistoriasdebolsillo.com\/index.php\/wp-json\/wp\/v2\/product\/2373","targetHints":{"allow":["GET"]}}],"collection":[{"href":"https:\/\/libreriahistoriasdebolsillo.com\/index.php\/wp-json\/wp\/v2\/product"}],"about":[{"href":"https:\/\/libreriahistoriasdebolsillo.com\/index.php\/wp-json\/wp\/v2\/types\/product"}],"wp:featuredmedia":[{"embeddable":true,"href":"https:\/\/libreriahistoriasdebolsillo.com\/index.php\/wp-json\/wp\/v2\/media\/2374"}],"wp:attachment":[{"href":"https:\/\/libreriahistoriasdebolsillo.com\/index.php\/wp-json\/wp\/v2\/media?parent=2373"}],"wp:term":[{"taxonomy":"product_brand","embeddable":true,"href":"https:\/\/libreriahistoriasdebolsillo.com\/index.php\/wp-json\/wp\/v2\/product_brand?post=2373"},{"taxonomy":"product_cat","embeddable":true,"href":"https:\/\/libreriahistoriasdebolsillo.com\/index.php\/wp-json\/wp\/v2\/product_cat?post=2373"},{"taxonomy":"product_tag","embeddable":true,"href":"https:\/\/libreriahistoriasdebolsillo.com\/index.php\/wp-json\/wp\/v2\/product_tag?post=2373"}],"curies":[{"name":"wp","href":"https:\/\/api.w.org\/{rel}","templated":true}]}}