{"id":2381,"date":"2023-11-25T17:36:55","date_gmt":"2023-11-25T23:36:55","guid":{"rendered":"https:\/\/libreriahistoriasdebolsillo.com\/?post_type=product&#038;p=2381"},"modified":"2024-12-16T16:54:14","modified_gmt":"2024-12-16T22:54:14","slug":"juego-de-tronos-cancion-de-hielo-y-fuego-1","status":"publish","type":"product","link":"https:\/\/libreriahistoriasdebolsillo.com\/index.php\/producto\/juego-de-tronos-cancion-de-hielo-y-fuego-1\/","title":{"rendered":"Canci\u00f3n de hielo y fuego 1. Juego de tronos"},"content":{"rendered":"<p><b><i>Juego de tronos<\/i>\u00a0es el primer volumen de Canci\u00f3n de hielo y fuego, la monumental saga de fantas\u00eda \u00e9pica del escritor George R. R. Martin que ha vendido m\u00e1s de 20 millones de ejemplares en todo el mundo.<\/b><\/p>\n<p><b>De la saga que inspir\u00f3 la filmaci\u00f3n de la aclamada serie televisiva de HBO:\u00a0<i>Game of Thrones<\/i><\/b><\/p>\n<p>En el legendario mundo de los Siete Reinos, donde el verano puede durar d\u00e9cadas y el invierno toda una vida, y donde rastros de una magia inmemorial surgen en los rincones m\u00e1s sombr\u00edos, la tierra del norte, Invernalia, est\u00e1 resguardada por un colosal muro de hielo que detiene a fuerzas oscuras y sobrenaturales.<\/p>\n<p>En este majestuoso escenario, lord Stark y su familia se encuentran en el centro de un conflicto que desatar\u00e1 todas las pasiones: la traici\u00f3n y la lealtad, la compasi\u00f3n y la sed de venganza, el amor y el poder, la lujuria y el incesto, todo ello para ganarla m\u00e1s mortal de las batallas: el trono de hierro, una poderosa trampa que atrapar\u00e1 a los personajes&#8230;y al lector.<\/p>\n","protected":false},"excerpt":{"rendered":"<p>George R.R. Martin<\/p>\n","protected":false},"featured_media":2382,"template":"","meta":{"_joinchat":[]},"product_brand":[],"product_cat":[39],"product_tag":[34],"class_list":{"0":"post-2381","1":"product","2":"type-product","3":"status-publish","4":"has-post-thumbnail","6":"product_cat-fantasia","7":"product_tag-penguin-random-house","9":"first","10":"outofstock","11":"shipping-taxable","12":"purchasable","13":"product-type-simple"},"_links":{"self":[{"href":"https:\/\/libreriahistoriasdebolsillo.com\/index.php\/wp-json\/wp\/v2\/product\/2381","targetHints":{"allow":["GET"]}}],"collection":[{"href":"https:\/\/libreriahistoriasdebolsillo.com\/index.php\/wp-json\/wp\/v2\/product"}],"about":[{"href":"https:\/\/libreriahistoriasdebolsillo.com\/index.php\/wp-json\/wp\/v2\/types\/product"}],"wp:featuredmedia":[{"embeddable":true,"href":"https:\/\/libreriahistoriasdebolsillo.com\/index.php\/wp-json\/wp\/v2\/media\/2382"}],"wp:attachment":[{"href":"https:\/\/libreriahistoriasdebolsillo.com\/index.php\/wp-json\/wp\/v2\/media?parent=2381"}],"wp:term":[{"taxonomy":"product_brand","embeddable":true,"href":"https:\/\/libreriahistoriasdebolsillo.com\/index.php\/wp-json\/wp\/v2\/product_brand?post=2381"},{"taxonomy":"product_cat","embeddable":true,"href":"https:\/\/libreriahistoriasdebolsillo.com\/index.php\/wp-json\/wp\/v2\/product_cat?post=2381"},{"taxonomy":"product_tag","embeddable":true,"href":"https:\/\/libreriahistoriasdebolsillo.com\/index.php\/wp-json\/wp\/v2\/product_tag?post=2381"}],"curies":[{"name":"wp","href":"https:\/\/api.w.org\/{rel}","templated":true}]}}