{"id":2383,"date":"2023-11-25T17:38:35","date_gmt":"2023-11-25T23:38:35","guid":{"rendered":"https:\/\/libreriahistoriasdebolsillo.com\/?post_type=product&#038;p=2383"},"modified":"2024-03-21T15:07:13","modified_gmt":"2024-03-21T21:07:13","slug":"choque-de-reyes-cancion-de-hielo-y-fuego-2","status":"publish","type":"product","link":"https:\/\/libreriahistoriasdebolsillo.com\/index.php\/producto\/choque-de-reyes-cancion-de-hielo-y-fuego-2\/","title":{"rendered":"Canci\u00f3n de hielo y fuego 2. Choque de reyes"},"content":{"rendered":"<p><i><b>Choque de reyes<\/b><\/i><b>\u00a0es el segundo volumen de Canci\u00f3n de hielo y fuego, la monumental saga de fantas\u00eda \u00e9pica del escritor George R. R. Martin que ha vendido m\u00e1s de 20 millones de ejemplares en todo el mundo.<\/b><\/p>\n<p><b>De la saga que inspir\u00f3 la filmaci\u00f3n de la aclamada serie televisiva de HBO:\u00a0<i>Game of Thrones.<\/i><\/b><\/p>\n<p>\u00abAhora hay m\u00e1s reyes en el reino que ratas en un castillo\u00bb, afirma uno de los personajes de\u00a0<i>Choque de reyes<\/i>. Y es que despu\u00e9s de la sospechosa muerte de Robert Baratheon, el monarca de los Siete Reinos, su hijo Joffrey ha sido impuesto por la fuerza, aunque \u00abquienes realmente gobiernan son su madre, un eunuco y un enano\u00bb, como dice la voz del pueblo. Cuatro nobles se proclaman, a la vez, reyes leg\u00edtimos, y las tierras de Poniente se estremecen entre guerras y traiciones. Y todo este horror se encuentra presidido por la m\u00e1s ominosa de las se\u00f1ales: un inmenso cometa color sangre suspendido en el cielo.<\/p>\n<p>En esta novela prodigiosa nada es realmente lo que parece ser. Los protagonistas,trazados con una complejidad asombrosa, son capaces de hacerse odiar o amar desde las primeras p\u00e1ginas.\u00a0<b>George R. R. Martin<\/b>, con pulso firme y en\u00e9rgico, vuelve a ofrecernos un brillante despliegue de personajes, en una trama rica, densa y sorprendente. Nos convierte en testigos de luchas fratricidas, intrigas y traiciones palaciegas en una tierra maldita por la guerra, donde fuerzas ocultas se alzan de nuevo y acechan para reinar en las noches del largo invierno que se avecina.<\/p>\n","protected":false},"excerpt":{"rendered":"<p>George R.R. Martin<\/p>\n","protected":false},"featured_media":2384,"template":"","meta":{"_joinchat":[]},"product_brand":[],"product_cat":[39,51],"product_tag":[34],"class_list":{"0":"post-2383","1":"product","2":"type-product","3":"status-publish","4":"has-post-thumbnail","6":"product_cat-fantasia","7":"product_cat-oferta","8":"product_tag-penguin-random-house","10":"first","11":"outofstock","12":"sale","13":"shipping-taxable","14":"purchasable","15":"product-type-simple"},"_links":{"self":[{"href":"https:\/\/libreriahistoriasdebolsillo.com\/index.php\/wp-json\/wp\/v2\/product\/2383","targetHints":{"allow":["GET"]}}],"collection":[{"href":"https:\/\/libreriahistoriasdebolsillo.com\/index.php\/wp-json\/wp\/v2\/product"}],"about":[{"href":"https:\/\/libreriahistoriasdebolsillo.com\/index.php\/wp-json\/wp\/v2\/types\/product"}],"wp:featuredmedia":[{"embeddable":true,"href":"https:\/\/libreriahistoriasdebolsillo.com\/index.php\/wp-json\/wp\/v2\/media\/2384"}],"wp:attachment":[{"href":"https:\/\/libreriahistoriasdebolsillo.com\/index.php\/wp-json\/wp\/v2\/media?parent=2383"}],"wp:term":[{"taxonomy":"product_brand","embeddable":true,"href":"https:\/\/libreriahistoriasdebolsillo.com\/index.php\/wp-json\/wp\/v2\/product_brand?post=2383"},{"taxonomy":"product_cat","embeddable":true,"href":"https:\/\/libreriahistoriasdebolsillo.com\/index.php\/wp-json\/wp\/v2\/product_cat?post=2383"},{"taxonomy":"product_tag","embeddable":true,"href":"https:\/\/libreriahistoriasdebolsillo.com\/index.php\/wp-json\/wp\/v2\/product_tag?post=2383"}],"curies":[{"name":"wp","href":"https:\/\/api.w.org\/{rel}","templated":true}]}}