{"id":2389,"date":"2023-11-25T17:43:38","date_gmt":"2023-11-25T23:43:38","guid":{"rendered":"https:\/\/libreriahistoriasdebolsillo.com\/?post_type=product&#038;p=2389"},"modified":"2025-12-27T14:35:46","modified_gmt":"2025-12-27T20:35:46","slug":"fuego-y-sangre-cancion-de-hielo-y-fuego-0","status":"publish","type":"product","link":"https:\/\/libreriahistoriasdebolsillo.com\/index.php\/producto\/fuego-y-sangre-cancion-de-hielo-y-fuego-0\/","title":{"rendered":"Canci\u00f3n de hielo y fuego 0. Fuego y Sangre"},"content":{"rendered":"<p>Siglos antes de que tuvieran lugar los acontecimientos que se relatan en \u00abCanci\u00f3n de hielo y fuego\u00bb, la casa Targaryen, la \u00fanica dinast\u00eda de se\u00f1ores drag\u00f3n que sobrevivi\u00f3 a la Maldici\u00f3n de Valyria, se asent\u00f3 en la isla de Rocadrag\u00f3n.<\/p>\n<p>Aqu\u00ed tenemos el primero de los dos vol\u00famenes en el que el autor de\u00a0<i>Juego de tronos\u00a0<\/i>nos cuenta, con todo lujo de detalles, la historia de tan fascinante familia: empezando por Aegon I Targaryen, creador del ic\u00f3nico Trono de Hierro, y seguido por el resto de las generaciones de Targaryens que lucharon con fiereza por conservar el poder, y el trono, hasta la llegada de la guerra civil que casi acaba con ellos.<\/p>\n<p>\u00bfQu\u00e9 pas\u00f3 realmente durante la Danza de dragones? \u00bfPor qu\u00e9 era tan peligroso acercarse a Valyria despu\u00e9s de la Maldici\u00f3n? \u00bfC\u00f3mo era Poniente cuando los dragones dominaban los cielos? Estas, y otras muchas, son las preguntas a las que responde esta monumental cr\u00f3nica, narrada por un culto maestre de la Ciudadela, que anticipa el ya conocido universo de George R.R. Martin.<\/p>\n<p><i>Fuego y Sangre<\/i>\u00a0brindar\u00e1 a los lectores la oportunidad de tener otra visi\u00f3n de la fascinante historia de Poniente. Esta obra, magn\u00edficamente ilustrada con 85 l\u00e1minas in\u00e9ditas de Doug Wheatley, se convertir\u00e1, sin duda, en una lectura ineludible para todos los fans de la aclamada serie.<\/p>\n","protected":false},"excerpt":{"rendered":"<p>George R.R. Martin<\/p>\n","protected":false},"featured_media":2390,"template":"","meta":{"_joinchat":[]},"product_brand":[],"product_cat":[39],"product_tag":[34],"class_list":{"0":"post-2389","1":"product","2":"type-product","3":"status-publish","4":"has-post-thumbnail","6":"product_cat-fantasia","7":"product_tag-penguin-random-house","9":"first","10":"instock","11":"shipping-taxable","12":"purchasable","13":"product-type-simple"},"_links":{"self":[{"href":"https:\/\/libreriahistoriasdebolsillo.com\/index.php\/wp-json\/wp\/v2\/product\/2389","targetHints":{"allow":["GET"]}}],"collection":[{"href":"https:\/\/libreriahistoriasdebolsillo.com\/index.php\/wp-json\/wp\/v2\/product"}],"about":[{"href":"https:\/\/libreriahistoriasdebolsillo.com\/index.php\/wp-json\/wp\/v2\/types\/product"}],"wp:featuredmedia":[{"embeddable":true,"href":"https:\/\/libreriahistoriasdebolsillo.com\/index.php\/wp-json\/wp\/v2\/media\/2390"}],"wp:attachment":[{"href":"https:\/\/libreriahistoriasdebolsillo.com\/index.php\/wp-json\/wp\/v2\/media?parent=2389"}],"wp:term":[{"taxonomy":"product_brand","embeddable":true,"href":"https:\/\/libreriahistoriasdebolsillo.com\/index.php\/wp-json\/wp\/v2\/product_brand?post=2389"},{"taxonomy":"product_cat","embeddable":true,"href":"https:\/\/libreriahistoriasdebolsillo.com\/index.php\/wp-json\/wp\/v2\/product_cat?post=2389"},{"taxonomy":"product_tag","embeddable":true,"href":"https:\/\/libreriahistoriasdebolsillo.com\/index.php\/wp-json\/wp\/v2\/product_tag?post=2389"}],"curies":[{"name":"wp","href":"https:\/\/api.w.org\/{rel}","templated":true}]}}