{"id":2391,"date":"2023-11-25T17:45:59","date_gmt":"2023-11-25T23:45:59","guid":{"rendered":"https:\/\/libreriahistoriasdebolsillo.com\/?post_type=product&#038;p=2391"},"modified":"2026-03-14T11:49:56","modified_gmt":"2026-03-14T17:49:56","slug":"fahrenheit-451","status":"publish","type":"product","link":"https:\/\/libreriahistoriasdebolsillo.com\/index.php\/producto\/fahrenheit-451\/","title":{"rendered":"Fahrenheit 451"},"content":{"rendered":"<p><i>Fahrenheit 451<\/i>\u00a0cuenta la historia de un sombr\u00edo y horroroso futuro.<\/p>\n<p>Montag, el protagonista, pertenece a una extra\u00f1a brigada de bomberos cuya misi\u00f3n, parad\u00f3jicamente, no es la de sofocar incendios, sino la de provocarlos para quemar libros.<\/p>\n<p>Porque en el pa\u00eds de Montag est\u00e1 terminantemente prohibido leer.<\/p>\n<p>Porque leer obliga a pensar, y en el pa\u00eds de Montag est\u00e1 prohibido pensar.<\/p>\n<p>Porque leer impide ser ingenuamente feliz, y en el pa\u00eds de Montag hay que ser feliz a la fuerza&#8230;<\/p>\n<p><i>Fahrenheit 451<\/i>\u00a0cuenta la historia de un sombr\u00edo y horroroso futuro.<\/p>\n<p>Montag, el protagonista, pertenece a una extra\u00f1a brigada de bomberos cuya misi\u00f3n, parad\u00f3jicamente, no es la de sofocar incendios, sino la de provocarlos para quemar libros.<\/p>\n<p>Porque en el pa\u00eds de Montag est\u00e1 terminantemente prohibido leer.<\/p>\n<p>Porque leer obliga a pensar, y en el pa\u00eds de Montag est\u00e1 prohibido pensar.<\/p>\n<p>Porque leer impide ser ingenuamente feliz, y en el pa\u00eds de Montag hay que ser feliz a la fuerza&#8230;<\/p>\n<p><i>Fahrenheit 451<\/i>\u00a0cuenta la historia de un sombr\u00edo y horroroso futuro.<\/p>\n<p>Montag, el protagonista, pertenece a una extra\u00f1a brigada de bomberos cuya misi\u00f3n, parad\u00f3jicamente, no es la de sofocar incendios, sino la de provocarlos para quemar libros.<\/p>\n<p>Porque en el pa\u00eds de Montag est\u00e1 terminantemente prohibido leer.<\/p>\n<p>Porque leer obliga a pensar, y en el pa\u00eds de Montag est\u00e1 prohibido pensar.<\/p>\n<p>Porque leer impide ser ingenuamente feliz, y en el pa\u00eds de Montag hay que ser feliz a la fuerza&#8230;<\/p>\n","protected":false},"excerpt":{"rendered":"<p>Ray Bradbury<\/p>\n","protected":false},"featured_media":2392,"template":"","meta":{"_joinchat":[]},"product_brand":[],"product_cat":[40],"product_tag":[34],"class_list":{"0":"post-2391","1":"product","2":"type-product","3":"status-publish","4":"has-post-thumbnail","6":"product_cat-ciencia-ficcion","7":"product_tag-penguin-random-house","9":"first","10":"outofstock","11":"shipping-taxable","12":"purchasable","13":"product-type-simple"},"_links":{"self":[{"href":"https:\/\/libreriahistoriasdebolsillo.com\/index.php\/wp-json\/wp\/v2\/product\/2391","targetHints":{"allow":["GET"]}}],"collection":[{"href":"https:\/\/libreriahistoriasdebolsillo.com\/index.php\/wp-json\/wp\/v2\/product"}],"about":[{"href":"https:\/\/libreriahistoriasdebolsillo.com\/index.php\/wp-json\/wp\/v2\/types\/product"}],"wp:featuredmedia":[{"embeddable":true,"href":"https:\/\/libreriahistoriasdebolsillo.com\/index.php\/wp-json\/wp\/v2\/media\/2392"}],"wp:attachment":[{"href":"https:\/\/libreriahistoriasdebolsillo.com\/index.php\/wp-json\/wp\/v2\/media?parent=2391"}],"wp:term":[{"taxonomy":"product_brand","embeddable":true,"href":"https:\/\/libreriahistoriasdebolsillo.com\/index.php\/wp-json\/wp\/v2\/product_brand?post=2391"},{"taxonomy":"product_cat","embeddable":true,"href":"https:\/\/libreriahistoriasdebolsillo.com\/index.php\/wp-json\/wp\/v2\/product_cat?post=2391"},{"taxonomy":"product_tag","embeddable":true,"href":"https:\/\/libreriahistoriasdebolsillo.com\/index.php\/wp-json\/wp\/v2\/product_tag?post=2391"}],"curies":[{"name":"wp","href":"https:\/\/api.w.org\/{rel}","templated":true}]}}