{"id":2393,"date":"2023-11-25T17:47:59","date_gmt":"2023-11-25T23:47:59","guid":{"rendered":"https:\/\/libreriahistoriasdebolsillo.com\/?post_type=product&#038;p=2393"},"modified":"2025-06-28T16:22:03","modified_gmt":"2025-06-28T22:22:03","slug":"marlin-1-los-anos-perdidos-tapa-dura","status":"publish","type":"product","link":"https:\/\/libreriahistoriasdebolsillo.com\/index.php\/producto\/marlin-1-los-anos-perdidos-tapa-dura\/","title":{"rendered":"Merlin 1. Los a\u00f1os perdidos"},"content":{"rendered":"<p>Sin nombre&#8230; Sin recuerdos&#8230; Sin hogar<\/p>\n<p>Un mar embravecido arroja a un ni\u00f1o a la costa del antiguo Gales. Aunque no lo sabe, alg\u00fan d\u00eda se convertir\u00e1 en el mago m\u00e1s grande de todos los tiempos. Abandonado a su suerte, y decidido a averiguar qui\u00e9n es y a conocer la verdad sobre sus misteriosos poderes, se adentra en una tierra ignota y encantada. Una tierra a la que su destino est\u00e1 profundamente ligado.<\/p>\n","protected":false},"excerpt":{"rendered":"<p>T.A. Barron<\/p>\n","protected":false},"featured_media":2394,"template":"","meta":{"_joinchat":[]},"product_brand":[],"product_cat":[39],"product_tag":[48],"class_list":{"0":"post-2393","1":"product","2":"type-product","3":"status-publish","4":"has-post-thumbnail","6":"product_cat-fantasia","7":"product_tag-vr-editoras","9":"first","10":"instock","11":"shipping-taxable","12":"purchasable","13":"product-type-simple"},"_links":{"self":[{"href":"https:\/\/libreriahistoriasdebolsillo.com\/index.php\/wp-json\/wp\/v2\/product\/2393","targetHints":{"allow":["GET"]}}],"collection":[{"href":"https:\/\/libreriahistoriasdebolsillo.com\/index.php\/wp-json\/wp\/v2\/product"}],"about":[{"href":"https:\/\/libreriahistoriasdebolsillo.com\/index.php\/wp-json\/wp\/v2\/types\/product"}],"wp:featuredmedia":[{"embeddable":true,"href":"https:\/\/libreriahistoriasdebolsillo.com\/index.php\/wp-json\/wp\/v2\/media\/2394"}],"wp:attachment":[{"href":"https:\/\/libreriahistoriasdebolsillo.com\/index.php\/wp-json\/wp\/v2\/media?parent=2393"}],"wp:term":[{"taxonomy":"product_brand","embeddable":true,"href":"https:\/\/libreriahistoriasdebolsillo.com\/index.php\/wp-json\/wp\/v2\/product_brand?post=2393"},{"taxonomy":"product_cat","embeddable":true,"href":"https:\/\/libreriahistoriasdebolsillo.com\/index.php\/wp-json\/wp\/v2\/product_cat?post=2393"},{"taxonomy":"product_tag","embeddable":true,"href":"https:\/\/libreriahistoriasdebolsillo.com\/index.php\/wp-json\/wp\/v2\/product_tag?post=2393"}],"curies":[{"name":"wp","href":"https:\/\/api.w.org\/{rel}","templated":true}]}}