{"id":2395,"date":"2023-11-25T17:50:01","date_gmt":"2023-11-25T23:50:01","guid":{"rendered":"https:\/\/libreriahistoriasdebolsillo.com\/?post_type=product&#038;p=2395"},"modified":"2025-02-14T17:54:04","modified_gmt":"2025-02-14T23:54:04","slug":"merlin-2-los-siete-cantares-tapa-dura","status":"publish","type":"product","link":"https:\/\/libreriahistoriasdebolsillo.com\/index.php\/producto\/merlin-2-los-siete-cantares-tapa-dura\/","title":{"rendered":"Merlin 2. Los siete cantares"},"content":{"rendered":"<p>UN RETO INESPERADO UNA CARRERA CONTRA EL TIEMPO UN DESTINO INCIERTO El joven Merl\u00edn ha liberado a Fincayra, la isla encantada que se oculta entre la tierra y el cielo, de una espantosa plaga. Aun as\u00ed, esta tierra m\u00edstica contin\u00faa estando en peligro y las verdaderas pruebas que Merl\u00edn debe superar apenas han comenzado. A fin de salvar a su madre enferma, Merl\u00edn habr\u00e1 de dominar los Siete Cantares de la Hechicer\u00eda. Durante el viaje, se enfrentar\u00e1 a una tarea derrotar a un abominable ogro capaz de matar con su sola mirada.<\/p>\n","protected":false},"excerpt":{"rendered":"<p>T.A. Barron<\/p>\n","protected":false},"featured_media":2396,"template":"","meta":{"_joinchat":[]},"product_brand":[],"product_cat":[39],"product_tag":[48],"class_list":{"0":"post-2395","1":"product","2":"type-product","3":"status-publish","4":"has-post-thumbnail","6":"product_cat-fantasia","7":"product_tag-vr-editoras","9":"first","10":"instock","11":"shipping-taxable","12":"purchasable","13":"product-type-simple"},"_links":{"self":[{"href":"https:\/\/libreriahistoriasdebolsillo.com\/index.php\/wp-json\/wp\/v2\/product\/2395","targetHints":{"allow":["GET"]}}],"collection":[{"href":"https:\/\/libreriahistoriasdebolsillo.com\/index.php\/wp-json\/wp\/v2\/product"}],"about":[{"href":"https:\/\/libreriahistoriasdebolsillo.com\/index.php\/wp-json\/wp\/v2\/types\/product"}],"wp:featuredmedia":[{"embeddable":true,"href":"https:\/\/libreriahistoriasdebolsillo.com\/index.php\/wp-json\/wp\/v2\/media\/2396"}],"wp:attachment":[{"href":"https:\/\/libreriahistoriasdebolsillo.com\/index.php\/wp-json\/wp\/v2\/media?parent=2395"}],"wp:term":[{"taxonomy":"product_brand","embeddable":true,"href":"https:\/\/libreriahistoriasdebolsillo.com\/index.php\/wp-json\/wp\/v2\/product_brand?post=2395"},{"taxonomy":"product_cat","embeddable":true,"href":"https:\/\/libreriahistoriasdebolsillo.com\/index.php\/wp-json\/wp\/v2\/product_cat?post=2395"},{"taxonomy":"product_tag","embeddable":true,"href":"https:\/\/libreriahistoriasdebolsillo.com\/index.php\/wp-json\/wp\/v2\/product_tag?post=2395"}],"curies":[{"name":"wp","href":"https:\/\/api.w.org\/{rel}","templated":true}]}}