{"id":2397,"date":"2023-11-25T17:51:54","date_gmt":"2023-11-25T23:51:54","guid":{"rendered":"https:\/\/libreriahistoriasdebolsillo.com\/?post_type=product&#038;p=2397"},"modified":"2025-05-07T09:43:48","modified_gmt":"2025-05-07T15:43:48","slug":"el-laberinto-del-fauno","status":"publish","type":"product","link":"https:\/\/libreriahistoriasdebolsillo.com\/index.php\/producto\/el-laberinto-del-fauno\/","title":{"rendered":"El laberinto del fauno"},"content":{"rendered":"<p>Tras un largo recorrido entre pantanos, Ofelia conoce al hombre que ser\u00e1 su padrastro, un despiadado capit\u00e1n del ej\u00e9rcito espa\u00f1ol. Para \u00e9l, el inquietante y oscuro bosque donde viven es como una jaula, que tan solo sirve de escondite para los combatientes de la resistencia en la interminable y sangrienta guerra civil. Pero Ofelia est\u00e1 embelesada con su m\u00e1gico hogar.<\/p>\n<p>Obsesionada con los cuentos de hadas, descubre un laberinto que la conduce cada vez m\u00e1s profundamente por los caminos de un mundo m\u00edtico y misterioso acechado por el peligro, cruel y amable a la vez, benigno y mort\u00edfero. En el laberinto, nada es como parece en un principio. Es un lugar donde lo monstruoso y lo humano se confunden, donde resulta imposible distinguir la realidad de la fantas\u00eda y donde los mitos se encuentran con el devastador horror de una naci\u00f3n asolada por la guerra. Atmosf\u00e9rica y absorbente,\u00a0<b>inspirada por la cinta ganadora del Oscar, y con material original que ampl\u00eda la historia<\/b>, esta arrebatadora novela ilustra espl\u00e9ndidamente que la fantas\u00eda es el artilugio m\u00e1s sagaz para develar los milagros y los terrores de la realidad.<\/p>\n","protected":false},"excerpt":{"rendered":"<p>Guillermo del Toro y Cornelia Funke<\/p>\n","protected":false},"featured_media":2398,"template":"","meta":{"_joinchat":[]},"product_brand":[],"product_cat":[39],"product_tag":[34],"class_list":{"0":"post-2397","1":"product","2":"type-product","3":"status-publish","4":"has-post-thumbnail","6":"product_cat-fantasia","7":"product_tag-penguin-random-house","9":"first","10":"outofstock","11":"shipping-taxable","12":"purchasable","13":"product-type-simple"},"_links":{"self":[{"href":"https:\/\/libreriahistoriasdebolsillo.com\/index.php\/wp-json\/wp\/v2\/product\/2397","targetHints":{"allow":["GET"]}}],"collection":[{"href":"https:\/\/libreriahistoriasdebolsillo.com\/index.php\/wp-json\/wp\/v2\/product"}],"about":[{"href":"https:\/\/libreriahistoriasdebolsillo.com\/index.php\/wp-json\/wp\/v2\/types\/product"}],"wp:featuredmedia":[{"embeddable":true,"href":"https:\/\/libreriahistoriasdebolsillo.com\/index.php\/wp-json\/wp\/v2\/media\/2398"}],"wp:attachment":[{"href":"https:\/\/libreriahistoriasdebolsillo.com\/index.php\/wp-json\/wp\/v2\/media?parent=2397"}],"wp:term":[{"taxonomy":"product_brand","embeddable":true,"href":"https:\/\/libreriahistoriasdebolsillo.com\/index.php\/wp-json\/wp\/v2\/product_brand?post=2397"},{"taxonomy":"product_cat","embeddable":true,"href":"https:\/\/libreriahistoriasdebolsillo.com\/index.php\/wp-json\/wp\/v2\/product_cat?post=2397"},{"taxonomy":"product_tag","embeddable":true,"href":"https:\/\/libreriahistoriasdebolsillo.com\/index.php\/wp-json\/wp\/v2\/product_tag?post=2397"}],"curies":[{"name":"wp","href":"https:\/\/api.w.org\/{rel}","templated":true}]}}