{"id":2399,"date":"2023-11-25T17:55:27","date_gmt":"2023-11-25T23:55:27","guid":{"rendered":"https:\/\/libreriahistoriasdebolsillo.com\/?post_type=product&#038;p=2399"},"modified":"2025-02-13T18:50:07","modified_gmt":"2025-02-14T00:50:07","slug":"partials-1-la-conexion","status":"publish","type":"product","link":"https:\/\/libreriahistoriasdebolsillo.com\/index.php\/producto\/partials-1-la-conexion\/","title":{"rendered":"Partials 1. La conexi\u00f3n"},"content":{"rendered":"<p>A lo largo de su existencia la humanidad fue atacada por diversos enemigos; ahora todas esas tragedias quedar\u00f3n en la historia, el d\u00eda que los parciales nos atacaron con el virus RM no perdurar\u00e1 en ninguna parte , pues no quedar\u00e1 nadie para recordarlo.<\/p>\n","protected":false},"excerpt":{"rendered":"<p>Dan Wells<\/p>\n","protected":false},"featured_media":2627,"template":"","meta":{"_joinchat":[]},"product_brand":[],"product_cat":[40,52],"product_tag":[48],"class_list":{"0":"post-2399","1":"product","2":"type-product","3":"status-publish","4":"has-post-thumbnail","6":"product_cat-ciencia-ficcion","7":"product_cat-juvenil","8":"product_tag-vr-editoras","10":"first","11":"outofstock","12":"shipping-taxable","13":"purchasable","14":"product-type-simple"},"_links":{"self":[{"href":"https:\/\/libreriahistoriasdebolsillo.com\/index.php\/wp-json\/wp\/v2\/product\/2399","targetHints":{"allow":["GET"]}}],"collection":[{"href":"https:\/\/libreriahistoriasdebolsillo.com\/index.php\/wp-json\/wp\/v2\/product"}],"about":[{"href":"https:\/\/libreriahistoriasdebolsillo.com\/index.php\/wp-json\/wp\/v2\/types\/product"}],"wp:featuredmedia":[{"embeddable":true,"href":"https:\/\/libreriahistoriasdebolsillo.com\/index.php\/wp-json\/wp\/v2\/media\/2627"}],"wp:attachment":[{"href":"https:\/\/libreriahistoriasdebolsillo.com\/index.php\/wp-json\/wp\/v2\/media?parent=2399"}],"wp:term":[{"taxonomy":"product_brand","embeddable":true,"href":"https:\/\/libreriahistoriasdebolsillo.com\/index.php\/wp-json\/wp\/v2\/product_brand?post=2399"},{"taxonomy":"product_cat","embeddable":true,"href":"https:\/\/libreriahistoriasdebolsillo.com\/index.php\/wp-json\/wp\/v2\/product_cat?post=2399"},{"taxonomy":"product_tag","embeddable":true,"href":"https:\/\/libreriahistoriasdebolsillo.com\/index.php\/wp-json\/wp\/v2\/product_tag?post=2399"}],"curies":[{"name":"wp","href":"https:\/\/api.w.org\/{rel}","templated":true}]}}