{"id":2403,"date":"2023-11-25T17:58:13","date_gmt":"2023-11-25T23:58:13","guid":{"rendered":"https:\/\/libreriahistoriasdebolsillo.com\/?post_type=product&#038;p=2403"},"modified":"2025-02-13T18:49:59","modified_gmt":"2025-02-14T00:49:59","slug":"partials-3-ruinas","status":"publish","type":"product","link":"https:\/\/libreriahistoriasdebolsillo.com\/index.php\/producto\/partials-3-ruinas\/","title":{"rendered":"Partials 3. Ruinas"},"content":{"rendered":"<p>\u00bfNuestro tiempo ya se acaba? Mientras el reloj se acerca cada vez m\u00e1s a la \u00faltima fecha del vencimiento de los parciales, los humanos est\u00e1n a punto de comenzar una nueva guerra contra ellos. En medio de esta situaci\u00f3n, a miles de kil\u00f3metros de distancia est\u00e1n Samm y Kira: \u00e9l se encuentra atrapado en el otro extremo del continente, m\u00e1s all\u00e1 del p\u00e1ramo t\u00f3xico del Medio Oeste americano; y Kira, bajo el poder de la doctora Morgan, que est\u00e1 decidida a salvar a los parciales, aun cuando para conseguirlo tenga que matar a la joven hero\u00edna. La \u00fanica esperanza est\u00e1 en manos de los sujetos dispersos de ambas especies, que buscan la manera de frenar el conflicto que se intensifica r\u00e1pidamente. Y en medio del caos, aparece un misterioso ser, que no es humano ni parcial, con solemnes advertencias de un nuevo Apocalipsis, uno que nadie podr\u00e1 evitar? El final de la saga Partials es un viaje excitante de proporciones \u00e9picas, mientras los \u00faltimos seres con vida en nuestro planeta luchan por su futuro. Sobrevivir ser\u00e1 la prioridad. Y descubrir los secretos para hacerlo en paz. La trama se resuelve reci\u00e9n al final del libro. Es un largo proceso en el que los protagonistas principales ? Kira, Samm y Marcus ? y los distintos l\u00edderes humanos y parciales deber\u00e1n entender y aceptar que el futuro de la existencia en la Tierra depende de la convivencia y tolerancia entre ambas especies. Los dos bandos poseen un arma que podr\u00eda destruir al otro, y poco tiempo para decidir el destino de todos?<\/p>\n","protected":false},"excerpt":{"rendered":"<p>Dan Wells<\/p>\n","protected":false},"featured_media":2629,"template":"","meta":{"_joinchat":[]},"product_brand":[],"product_cat":[40,52],"product_tag":[48],"class_list":{"0":"post-2403","1":"product","2":"type-product","3":"status-publish","4":"has-post-thumbnail","6":"product_cat-ciencia-ficcion","7":"product_cat-juvenil","8":"product_tag-vr-editoras","10":"first","11":"outofstock","12":"shipping-taxable","13":"purchasable","14":"product-type-simple"},"_links":{"self":[{"href":"https:\/\/libreriahistoriasdebolsillo.com\/index.php\/wp-json\/wp\/v2\/product\/2403","targetHints":{"allow":["GET"]}}],"collection":[{"href":"https:\/\/libreriahistoriasdebolsillo.com\/index.php\/wp-json\/wp\/v2\/product"}],"about":[{"href":"https:\/\/libreriahistoriasdebolsillo.com\/index.php\/wp-json\/wp\/v2\/types\/product"}],"wp:featuredmedia":[{"embeddable":true,"href":"https:\/\/libreriahistoriasdebolsillo.com\/index.php\/wp-json\/wp\/v2\/media\/2629"}],"wp:attachment":[{"href":"https:\/\/libreriahistoriasdebolsillo.com\/index.php\/wp-json\/wp\/v2\/media?parent=2403"}],"wp:term":[{"taxonomy":"product_brand","embeddable":true,"href":"https:\/\/libreriahistoriasdebolsillo.com\/index.php\/wp-json\/wp\/v2\/product_brand?post=2403"},{"taxonomy":"product_cat","embeddable":true,"href":"https:\/\/libreriahistoriasdebolsillo.com\/index.php\/wp-json\/wp\/v2\/product_cat?post=2403"},{"taxonomy":"product_tag","embeddable":true,"href":"https:\/\/libreriahistoriasdebolsillo.com\/index.php\/wp-json\/wp\/v2\/product_tag?post=2403"}],"curies":[{"name":"wp","href":"https:\/\/api.w.org\/{rel}","templated":true}]}}