{"id":2405,"date":"2023-11-25T18:00:23","date_gmt":"2023-11-26T00:00:23","guid":{"rendered":"https:\/\/libreriahistoriasdebolsillo.com\/?post_type=product&#038;p=2405"},"modified":"2025-03-11T12:48:11","modified_gmt":"2025-03-11T18:48:11","slug":"bluescreen-el-mirador-1","status":"publish","type":"product","link":"https:\/\/libreriahistoriasdebolsillo.com\/index.php\/producto\/bluescreen-el-mirador-1\/","title":{"rendered":"El mirador 1. Bluescreen"},"content":{"rendered":"<p>\u00bfQu\u00e9 har\u00edas si ni siquiera tus pensamientos m\u00e1s \u00edntimos estuvieran a salvo? Los \u00e1ngeles 2050: la humanidad vive conectada a la NET. Marisa Carneseca es una de las hackers m\u00e1s h\u00e1biles de la ciudad. Ella y sus amigas no tienen ni idea de en qu\u00e9 se est\u00e1n metiendo cuando ponen sus manos en bluescreen, una droga virtual que, supuestamente, no produce da\u00f1o ni reacci\u00f3n qu\u00edmica alguna. Pero en Los \u00e1ngeles nadie es tan inocente. Y en un mundo que esta online las 24 horas, todo. Incluso una droga que parece inofensiva, tiene un objetivo perverso.<\/p>\n","protected":false},"excerpt":{"rendered":"<p>Dan Wells<\/p>\n","protected":false},"featured_media":2617,"template":"","meta":{"_joinchat":[]},"product_brand":[],"product_cat":[40,52],"product_tag":[48],"class_list":{"0":"post-2405","1":"product","2":"type-product","3":"status-publish","4":"has-post-thumbnail","6":"product_cat-ciencia-ficcion","7":"product_cat-juvenil","8":"product_tag-vr-editoras","10":"first","11":"instock","12":"shipping-taxable","13":"purchasable","14":"product-type-simple"},"_links":{"self":[{"href":"https:\/\/libreriahistoriasdebolsillo.com\/index.php\/wp-json\/wp\/v2\/product\/2405","targetHints":{"allow":["GET"]}}],"collection":[{"href":"https:\/\/libreriahistoriasdebolsillo.com\/index.php\/wp-json\/wp\/v2\/product"}],"about":[{"href":"https:\/\/libreriahistoriasdebolsillo.com\/index.php\/wp-json\/wp\/v2\/types\/product"}],"wp:featuredmedia":[{"embeddable":true,"href":"https:\/\/libreriahistoriasdebolsillo.com\/index.php\/wp-json\/wp\/v2\/media\/2617"}],"wp:attachment":[{"href":"https:\/\/libreriahistoriasdebolsillo.com\/index.php\/wp-json\/wp\/v2\/media?parent=2405"}],"wp:term":[{"taxonomy":"product_brand","embeddable":true,"href":"https:\/\/libreriahistoriasdebolsillo.com\/index.php\/wp-json\/wp\/v2\/product_brand?post=2405"},{"taxonomy":"product_cat","embeddable":true,"href":"https:\/\/libreriahistoriasdebolsillo.com\/index.php\/wp-json\/wp\/v2\/product_cat?post=2405"},{"taxonomy":"product_tag","embeddable":true,"href":"https:\/\/libreriahistoriasdebolsillo.com\/index.php\/wp-json\/wp\/v2\/product_tag?post=2405"}],"curies":[{"name":"wp","href":"https:\/\/api.w.org\/{rel}","templated":true}]}}