{"id":2407,"date":"2023-11-25T18:02:47","date_gmt":"2023-11-26T00:02:47","guid":{"rendered":"https:\/\/libreriahistoriasdebolsillo.com\/?post_type=product&#038;p=2407"},"modified":"2025-03-11T12:48:06","modified_gmt":"2025-03-11T18:48:06","slug":"unos-y-ceros-el-mirador-2","status":"publish","type":"product","link":"https:\/\/libreriahistoriasdebolsillo.com\/index.php\/producto\/unos-y-ceros-el-mirador-2\/","title":{"rendered":"El mirador 2. Unos y ceros"},"content":{"rendered":"<p>\u00bfY si ganar fuera la \u00fanica forma de salir con vida? El Supramundo es mucho m\u00e1s que un simple deporte. El Supramundo es fama, fortuna y riqueza. Marisa Carneseca est\u00e1 cazando a un misterioso hacker llamado Grendel, cuando se entera de que su equipo amateur del<br \/>\nSupramundo participar\u00e1 en el Foward Motion, uno de los campeonatos m\u00e1s exclusivos del a\u00f1o. Para Marisa, esa invitaci\u00f3n<br \/>\nsignifica muchas cosas: una posibilidad de salir adelante y de ayudar a su familia. Pero Foward Motion resulta ser mucho m\u00e1s que un torneo de caridad: la corrupci\u00f3n, las disputas internas y el peligro acechan en cada esquina. Marisa contar\u00e1 con la ayuda de Alain, un joven sexy y peligroso, que le demostrar\u00e1 que, a veces, es necesario correr riesgos inimaginados. Unos y ceros es la esperada segunda entrega de la trilog\u00eda El Mirador, del autor best seller de The New York Times, Dan Wells.<br \/>\nUna vez que entres al mundo de Marisa, no querr\u00e1s salir jam\u00e1s.<\/p>\n","protected":false},"excerpt":{"rendered":"<p>Dan Wells<\/p>\n","protected":false},"featured_media":2618,"template":"","meta":{"_joinchat":[]},"product_brand":[],"product_cat":[40,52],"product_tag":[48],"class_list":{"0":"post-2407","1":"product","2":"type-product","3":"status-publish","4":"has-post-thumbnail","6":"product_cat-ciencia-ficcion","7":"product_cat-juvenil","8":"product_tag-vr-editoras","10":"first","11":"instock","12":"shipping-taxable","13":"purchasable","14":"product-type-simple"},"_links":{"self":[{"href":"https:\/\/libreriahistoriasdebolsillo.com\/index.php\/wp-json\/wp\/v2\/product\/2407","targetHints":{"allow":["GET"]}}],"collection":[{"href":"https:\/\/libreriahistoriasdebolsillo.com\/index.php\/wp-json\/wp\/v2\/product"}],"about":[{"href":"https:\/\/libreriahistoriasdebolsillo.com\/index.php\/wp-json\/wp\/v2\/types\/product"}],"wp:featuredmedia":[{"embeddable":true,"href":"https:\/\/libreriahistoriasdebolsillo.com\/index.php\/wp-json\/wp\/v2\/media\/2618"}],"wp:attachment":[{"href":"https:\/\/libreriahistoriasdebolsillo.com\/index.php\/wp-json\/wp\/v2\/media?parent=2407"}],"wp:term":[{"taxonomy":"product_brand","embeddable":true,"href":"https:\/\/libreriahistoriasdebolsillo.com\/index.php\/wp-json\/wp\/v2\/product_brand?post=2407"},{"taxonomy":"product_cat","embeddable":true,"href":"https:\/\/libreriahistoriasdebolsillo.com\/index.php\/wp-json\/wp\/v2\/product_cat?post=2407"},{"taxonomy":"product_tag","embeddable":true,"href":"https:\/\/libreriahistoriasdebolsillo.com\/index.php\/wp-json\/wp\/v2\/product_tag?post=2407"}],"curies":[{"name":"wp","href":"https:\/\/api.w.org\/{rel}","templated":true}]}}