{"id":2417,"date":"2023-11-25T18:11:43","date_gmt":"2023-11-26T00:11:43","guid":{"rendered":"https:\/\/libreriahistoriasdebolsillo.com\/?post_type=product&#038;p=2417"},"modified":"2025-01-29T15:16:55","modified_gmt":"2025-01-29T21:16:55","slug":"fuimos-elegidos-tapa-dura","status":"publish","type":"product","link":"https:\/\/libreriahistoriasdebolsillo.com\/index.php\/producto\/fuimos-elegidos-tapa-dura\/","title":{"rendered":"Fuimos elegidos (Tapa dura)"},"content":{"rendered":"<p><strong>SALVAR EL MUNDO LOS CONVIRTI\u00d3 EN H\u00c9ROES.<br \/>\n<\/strong><strong>SALVARLO DE NUEVO LOS PODR\u00cdA DESTRUIR.<\/strong><strong>\u00a0<\/strong><\/p>\n<p>Hace una d\u00e9cada, cinco adolescentes derrotaron al Oscuro, un adversario sobrenatural que hab\u00eda sembrado la muerte y la devastaci\u00f3n por todo el planeta.<br \/>\nUna organizaci\u00f3n clandestina los hab\u00eda reunido porque uno de ellos estaba destinado a ser el \u201cElegido\u201d.<br \/>\nUna vez cumplido su objetivo, la humanidad encumbr\u00f3 a los vencedores y llor\u00f3 la muerte de sus seres queridos.<\/p>\n<p>Ahora, la sociedad ha pasado p\u00e1gina. La muerte de un miembro del grupo golpea al resto como un mazazo. Durante el funeral, los cuatro elegidos restantes descubrir\u00e1n horrorizados que el reinado del Oscuro en realidad nunca se acab\u00f3.<\/p>\n","protected":false},"excerpt":{"rendered":"<p>Veronica Roth<\/p>\n","protected":false},"featured_media":2622,"template":"","meta":{"_joinchat":[]},"product_brand":[],"product_cat":[40,52],"product_tag":[48],"class_list":{"0":"post-2417","1":"product","2":"type-product","3":"status-publish","4":"has-post-thumbnail","6":"product_cat-ciencia-ficcion","7":"product_cat-juvenil","8":"product_tag-vr-editoras","10":"first","11":"instock","12":"shipping-taxable","13":"purchasable","14":"product-type-simple"},"_links":{"self":[{"href":"https:\/\/libreriahistoriasdebolsillo.com\/index.php\/wp-json\/wp\/v2\/product\/2417","targetHints":{"allow":["GET"]}}],"collection":[{"href":"https:\/\/libreriahistoriasdebolsillo.com\/index.php\/wp-json\/wp\/v2\/product"}],"about":[{"href":"https:\/\/libreriahistoriasdebolsillo.com\/index.php\/wp-json\/wp\/v2\/types\/product"}],"wp:featuredmedia":[{"embeddable":true,"href":"https:\/\/libreriahistoriasdebolsillo.com\/index.php\/wp-json\/wp\/v2\/media\/2622"}],"wp:attachment":[{"href":"https:\/\/libreriahistoriasdebolsillo.com\/index.php\/wp-json\/wp\/v2\/media?parent=2417"}],"wp:term":[{"taxonomy":"product_brand","embeddable":true,"href":"https:\/\/libreriahistoriasdebolsillo.com\/index.php\/wp-json\/wp\/v2\/product_brand?post=2417"},{"taxonomy":"product_cat","embeddable":true,"href":"https:\/\/libreriahistoriasdebolsillo.com\/index.php\/wp-json\/wp\/v2\/product_cat?post=2417"},{"taxonomy":"product_tag","embeddable":true,"href":"https:\/\/libreriahistoriasdebolsillo.com\/index.php\/wp-json\/wp\/v2\/product_tag?post=2417"}],"curies":[{"name":"wp","href":"https:\/\/api.w.org\/{rel}","templated":true}]}}