{"id":2421,"date":"2023-11-25T18:18:07","date_gmt":"2023-11-26T00:18:07","guid":{"rendered":"https:\/\/libreriahistoriasdebolsillo.com\/?post_type=product&#038;p=2421"},"modified":"2025-02-14T15:44:00","modified_gmt":"2025-02-14T21:44:00","slug":"warcross","status":"publish","type":"product","link":"https:\/\/libreriahistoriasdebolsillo.com\/index.php\/producto\/warcross\/","title":{"rendered":"Warcross 1. Warcross"},"content":{"rendered":"<p>Para ellos, Warcross es mucho m\u00e1s que un juego, es un modo de vida. La obsesi\u00f3n comenz\u00f3 hace unos a\u00f1os y ahora los seguidores de Warcross est\u00e1n dispersos por todo el mundo, algunos ansiosos por escapar de la realidad y otros, esperando hacer alg\u00fan negocio.<\/p>\n<p>Emika Chen, una joven hacker, trabaja como cazarrecompensas persiguiendo a los jugadores de Warcross que hacen apuestas ilegales. Pero el mundo de los cazadores es muy competitivo y sobrevivir en \u00e9l se convierte en una verdadera haza\u00f1a. Emika necesita dinero y se arriesga a ingresar ilegalmente al juego inaugural del Campeonato Internacional de Warcross\u2026y, por una falla t\u00e9cnica, termina meti\u00e9ndose dentro de la acci\u00f3n y convirti\u00e9ndose en furor de la noche a la ma\u00f1ana. Convencida de que la arrestar\u00e1n, Emika no puede creerlo cuando recibe una llamada de Hideo Tanaka, el creador del juego, con una oferta irresistible: necesita un esp\u00eda dentro del torneo para desentra\u00f1ar un<br \/>\nproblema de seguridad y quiere que ella se encargue. R\u00e1pidamente, la env\u00edan a Tokio, donde se ve sumergida dentro de un mundo de fama y dinero. Pronto su investigaci\u00f3n se vuelve cada vez m\u00e1s oscura y se da cuenta de que la persona que est\u00e1 violando la seguridad del juego puede traerle consecuencias terribles al imperio de Warcross.<\/p>\n","protected":false},"excerpt":{"rendered":"<p>Marie Lu<\/p>\n","protected":false},"featured_media":2639,"template":"","meta":{"_joinchat":[]},"product_brand":[],"product_cat":[40,52],"product_tag":[48],"class_list":{"0":"post-2421","1":"product","2":"type-product","3":"status-publish","4":"has-post-thumbnail","6":"product_cat-ciencia-ficcion","7":"product_cat-juvenil","8":"product_tag-vr-editoras","10":"first","11":"outofstock","12":"shipping-taxable","13":"purchasable","14":"product-type-simple"},"_links":{"self":[{"href":"https:\/\/libreriahistoriasdebolsillo.com\/index.php\/wp-json\/wp\/v2\/product\/2421","targetHints":{"allow":["GET"]}}],"collection":[{"href":"https:\/\/libreriahistoriasdebolsillo.com\/index.php\/wp-json\/wp\/v2\/product"}],"about":[{"href":"https:\/\/libreriahistoriasdebolsillo.com\/index.php\/wp-json\/wp\/v2\/types\/product"}],"wp:featuredmedia":[{"embeddable":true,"href":"https:\/\/libreriahistoriasdebolsillo.com\/index.php\/wp-json\/wp\/v2\/media\/2639"}],"wp:attachment":[{"href":"https:\/\/libreriahistoriasdebolsillo.com\/index.php\/wp-json\/wp\/v2\/media?parent=2421"}],"wp:term":[{"taxonomy":"product_brand","embeddable":true,"href":"https:\/\/libreriahistoriasdebolsillo.com\/index.php\/wp-json\/wp\/v2\/product_brand?post=2421"},{"taxonomy":"product_cat","embeddable":true,"href":"https:\/\/libreriahistoriasdebolsillo.com\/index.php\/wp-json\/wp\/v2\/product_cat?post=2421"},{"taxonomy":"product_tag","embeddable":true,"href":"https:\/\/libreriahistoriasdebolsillo.com\/index.php\/wp-json\/wp\/v2\/product_tag?post=2421"}],"curies":[{"name":"wp","href":"https:\/\/api.w.org\/{rel}","templated":true}]}}