{"id":2423,"date":"2023-11-25T18:20:21","date_gmt":"2023-11-26T00:20:21","guid":{"rendered":"https:\/\/libreriahistoriasdebolsillo.com\/?post_type=product&#038;p=2423"},"modified":"2025-02-14T17:52:42","modified_gmt":"2025-02-14T23:52:42","slug":"maze-cutter-un-nuevo-comienzo","status":"publish","type":"product","link":"https:\/\/libreriahistoriasdebolsillo.com\/index.php\/producto\/maze-cutter-un-nuevo-comienzo\/","title":{"rendered":"Maze Cutter 1. Un nuevo comienzo"},"content":{"rendered":"<p><strong>SETENTA Y TRES A\u00d1OS DESPU\u00c9S, \u00bfCRUEL ES BUENO?<\/strong><\/p>\n<p>Han pasado casi tres cuartos de siglo desde los hechos narrados en La cura mortal, ahora, los descendientes de los Habitantes viven aislados en una isla. Y si saben sobre su pasado es por dos motivos: los relatos del viejo Sart\u00e9n, que no los deja olvidar. Y el diario de Newt. Cuando un barco, el Maze Cutter, llega deshecho a la costa con una \u00fanica sobreviviente abordo, tienen por primera vez noticias del continente: los cranks han mutado, la ciudad est\u00e1 bajo la tiran\u00eda de la Trinidad y CRUEL\u2026 CRUEL contin\u00faa con sus experimentos. Ahora, los isle\u00f1os volver\u00e1n a la civilizaci\u00f3n -o a lo que queda de ella-, para acabar, de una vez y para siempre, con aquello que empezaron sus ancestros.<\/p>\n<p><strong>NO PUEDES PERDERTE ESTA INCRE\u00cdBLE SECUELA DE LA SAGA MAZE RUNNER.<\/strong><\/p>\n","protected":false},"excerpt":{"rendered":"<p>James Dashner<\/p>\n","protected":false},"featured_media":2623,"template":"","meta":{"_joinchat":[]},"product_brand":[],"product_cat":[40,52],"product_tag":[48],"class_list":{"0":"post-2423","1":"product","2":"type-product","3":"status-publish","4":"has-post-thumbnail","6":"product_cat-ciencia-ficcion","7":"product_cat-juvenil","8":"product_tag-vr-editoras","10":"first","11":"instock","12":"shipping-taxable","13":"purchasable","14":"product-type-simple"},"_links":{"self":[{"href":"https:\/\/libreriahistoriasdebolsillo.com\/index.php\/wp-json\/wp\/v2\/product\/2423","targetHints":{"allow":["GET"]}}],"collection":[{"href":"https:\/\/libreriahistoriasdebolsillo.com\/index.php\/wp-json\/wp\/v2\/product"}],"about":[{"href":"https:\/\/libreriahistoriasdebolsillo.com\/index.php\/wp-json\/wp\/v2\/types\/product"}],"wp:featuredmedia":[{"embeddable":true,"href":"https:\/\/libreriahistoriasdebolsillo.com\/index.php\/wp-json\/wp\/v2\/media\/2623"}],"wp:attachment":[{"href":"https:\/\/libreriahistoriasdebolsillo.com\/index.php\/wp-json\/wp\/v2\/media?parent=2423"}],"wp:term":[{"taxonomy":"product_brand","embeddable":true,"href":"https:\/\/libreriahistoriasdebolsillo.com\/index.php\/wp-json\/wp\/v2\/product_brand?post=2423"},{"taxonomy":"product_cat","embeddable":true,"href":"https:\/\/libreriahistoriasdebolsillo.com\/index.php\/wp-json\/wp\/v2\/product_cat?post=2423"},{"taxonomy":"product_tag","embeddable":true,"href":"https:\/\/libreriahistoriasdebolsillo.com\/index.php\/wp-json\/wp\/v2\/product_tag?post=2423"}],"curies":[{"name":"wp","href":"https:\/\/api.w.org\/{rel}","templated":true}]}}