{"id":2428,"date":"2023-11-25T18:24:22","date_gmt":"2023-11-26T00:24:22","guid":{"rendered":"https:\/\/libreriahistoriasdebolsillo.com\/?post_type=product&#038;p=2428"},"modified":"2023-11-29T15:32:28","modified_gmt":"2023-11-29T21:32:28","slug":"vortex-insignia-2","status":"publish","type":"product","link":"https:\/\/libreriahistoriasdebolsillo.com\/index.php\/producto\/vortex-insignia-2\/","title":{"rendered":"Insignia 2. Vortex"},"content":{"rendered":"<p>Tom raines y sus amigos son cadetes de nivel intermedio en las fuerzas intrasolares, un cuerpo de combate de elite que entrena el gobierno. Pero cuando el entrenamiento en la aguja pentagonal se intensifica, las lealtades de Tom se ponen a prueba una vez m\u00e1s. Presionado para que traicione sus ideales y a sus amistades por su pa\u00eds. Est\u00e1 convencido de que tiene que haber otra manera. Y cuando m\u00e1s toma conciencia de la corrupci\u00f3n que lo rodea, m\u00e1s se decide a luchar contra ella, aunque al hacerlo sabotee su propio futuro.<\/p>\n","protected":false},"excerpt":{"rendered":"<p>S.J. Kincaid<\/p>\n","protected":false},"featured_media":2638,"template":"","meta":{"_joinchat":[]},"product_brand":[],"product_cat":[40,52],"product_tag":[48],"class_list":{"0":"post-2428","1":"product","2":"type-product","3":"status-publish","4":"has-post-thumbnail","6":"product_cat-ciencia-ficcion","7":"product_cat-juvenil","8":"product_tag-vr-editoras","10":"first","11":"instock","12":"shipping-taxable","13":"purchasable","14":"product-type-simple"},"_links":{"self":[{"href":"https:\/\/libreriahistoriasdebolsillo.com\/index.php\/wp-json\/wp\/v2\/product\/2428","targetHints":{"allow":["GET"]}}],"collection":[{"href":"https:\/\/libreriahistoriasdebolsillo.com\/index.php\/wp-json\/wp\/v2\/product"}],"about":[{"href":"https:\/\/libreriahistoriasdebolsillo.com\/index.php\/wp-json\/wp\/v2\/types\/product"}],"wp:featuredmedia":[{"embeddable":true,"href":"https:\/\/libreriahistoriasdebolsillo.com\/index.php\/wp-json\/wp\/v2\/media\/2638"}],"wp:attachment":[{"href":"https:\/\/libreriahistoriasdebolsillo.com\/index.php\/wp-json\/wp\/v2\/media?parent=2428"}],"wp:term":[{"taxonomy":"product_brand","embeddable":true,"href":"https:\/\/libreriahistoriasdebolsillo.com\/index.php\/wp-json\/wp\/v2\/product_brand?post=2428"},{"taxonomy":"product_cat","embeddable":true,"href":"https:\/\/libreriahistoriasdebolsillo.com\/index.php\/wp-json\/wp\/v2\/product_cat?post=2428"},{"taxonomy":"product_tag","embeddable":true,"href":"https:\/\/libreriahistoriasdebolsillo.com\/index.php\/wp-json\/wp\/v2\/product_tag?post=2428"}],"curies":[{"name":"wp","href":"https:\/\/api.w.org\/{rel}","templated":true}]}}