{"id":2433,"date":"2023-11-25T18:28:52","date_gmt":"2023-11-26T00:28:52","guid":{"rendered":"https:\/\/libreriahistoriasdebolsillo.com\/?post_type=product&#038;p=2433"},"modified":"2024-03-13T17:32:07","modified_gmt":"2024-03-13T23:32:07","slug":"maze-runner-codigo-c-r-u-e-l","status":"publish","type":"product","link":"https:\/\/libreriahistoriasdebolsillo.com\/index.php\/producto\/maze-runner-codigo-c-r-u-e-l\/","title":{"rendered":"Maze runner 0.5 C\u00f3digo C.R.U.E.L."},"content":{"rendered":"<p>Hubo un tiempo en el que el mundo ardi\u00f3. Los bosques se incendiaron, los lagos y los r\u00edos se secaron y los oc\u00e9anos inundaron todo. Luego vino la plaga, y la Llamarada arras\u00f3 con lo poco que quedaba de la humanidad. Murieron familias enteras. La violencia reinaba en todas partes. Despu\u00e9s se cre\u00f3 C.R.U.E.L. Ellos estaban buscando una respuesta. Y encontraron al chico perfecto para llevar a cabo su plan.<\/p>\n<p>El joven se llamaba Thomas, y Thomas contruy\u00f3 el laberinto. Ahora hay secretos. Mentiras. Lealtades. Historias que jam\u00e1s habr\u00edas imaginado. Lleg\u00f3 la hora de que conozcas la verdad sobre Thomas, C.R.U.E.L. y el m\u00edtico laberinto. El tiempo se acaba y t\u00fa tienes que conocer lo que sucedi\u00f3 realmente.<\/p>\n<p><b>\u00bfEst\u00e1s listo?<\/b><\/p>\n","protected":false},"excerpt":{"rendered":"<p>James Dashner<\/p>\n","protected":false},"featured_media":2619,"template":"","meta":{"_joinchat":[]},"product_brand":[],"product_cat":[40,52],"product_tag":[48],"class_list":{"0":"post-2433","1":"product","2":"type-product","3":"status-publish","4":"has-post-thumbnail","6":"product_cat-ciencia-ficcion","7":"product_cat-juvenil","8":"product_tag-vr-editoras","10":"first","11":"instock","12":"shipping-taxable","13":"purchasable","14":"product-type-simple"},"_links":{"self":[{"href":"https:\/\/libreriahistoriasdebolsillo.com\/index.php\/wp-json\/wp\/v2\/product\/2433","targetHints":{"allow":["GET"]}}],"collection":[{"href":"https:\/\/libreriahistoriasdebolsillo.com\/index.php\/wp-json\/wp\/v2\/product"}],"about":[{"href":"https:\/\/libreriahistoriasdebolsillo.com\/index.php\/wp-json\/wp\/v2\/types\/product"}],"wp:featuredmedia":[{"embeddable":true,"href":"https:\/\/libreriahistoriasdebolsillo.com\/index.php\/wp-json\/wp\/v2\/media\/2619"}],"wp:attachment":[{"href":"https:\/\/libreriahistoriasdebolsillo.com\/index.php\/wp-json\/wp\/v2\/media?parent=2433"}],"wp:term":[{"taxonomy":"product_brand","embeddable":true,"href":"https:\/\/libreriahistoriasdebolsillo.com\/index.php\/wp-json\/wp\/v2\/product_brand?post=2433"},{"taxonomy":"product_cat","embeddable":true,"href":"https:\/\/libreriahistoriasdebolsillo.com\/index.php\/wp-json\/wp\/v2\/product_cat?post=2433"},{"taxonomy":"product_tag","embeddable":true,"href":"https:\/\/libreriahistoriasdebolsillo.com\/index.php\/wp-json\/wp\/v2\/product_tag?post=2433"}],"curies":[{"name":"wp","href":"https:\/\/api.w.org\/{rel}","templated":true}]}}