{"id":2437,"date":"2023-11-25T18:33:31","date_gmt":"2023-11-26T00:33:31","guid":{"rendered":"https:\/\/libreriahistoriasdebolsillo.com\/?post_type=product&#038;p=2437"},"modified":"2026-04-20T16:29:44","modified_gmt":"2026-04-20T22:29:44","slug":"el-palacio-de-los-cranks","status":"publish","type":"product","link":"https:\/\/libreriahistoriasdebolsillo.com\/index.php\/producto\/el-palacio-de-los-cranks\/","title":{"rendered":"Maze runner 3.5 El palacio de los Cranks"},"content":{"rendered":"<p><em>Ellos lograron entrar. Me llevan a vivir con los otros Cranks. Es lo mejor. Gracias por ser mis amigos. Adi\u00f3s.<\/em><\/p>\n<p>Mientras Thomas, Minho y los dem\u00e1s se enfrentan a CRUEL en\u00a0<em>La cura mortal<\/em>, Newt decide dejarlos atr\u00e1s antes de sucumbir a La Llamarada y perder la cabeza. Sin embargo, no est\u00e1 muerto quien pelea y \u00e9l a\u00fan no es un Crank. No puede simplemente dejarse vencer as\u00ed. No va a sentarse a esperar que La Llamarada lo devore. Antes va a buscar un nuevo objetivo. Antes<strong>, \u00a1va a vivir una \u00faltima gran aventura!<\/strong><\/p>\n","protected":false},"excerpt":{"rendered":"<p>James Dashner<\/p>\n","protected":false},"featured_media":2621,"template":"","meta":{"_joinchat":[]},"product_brand":[],"product_cat":[40,52],"product_tag":[48],"class_list":{"0":"post-2437","1":"product","2":"type-product","3":"status-publish","4":"has-post-thumbnail","6":"product_cat-ciencia-ficcion","7":"product_cat-juvenil","8":"product_tag-vr-editoras","10":"first","11":"instock","12":"shipping-taxable","13":"purchasable","14":"product-type-simple"},"_links":{"self":[{"href":"https:\/\/libreriahistoriasdebolsillo.com\/index.php\/wp-json\/wp\/v2\/product\/2437","targetHints":{"allow":["GET"]}}],"collection":[{"href":"https:\/\/libreriahistoriasdebolsillo.com\/index.php\/wp-json\/wp\/v2\/product"}],"about":[{"href":"https:\/\/libreriahistoriasdebolsillo.com\/index.php\/wp-json\/wp\/v2\/types\/product"}],"wp:featuredmedia":[{"embeddable":true,"href":"https:\/\/libreriahistoriasdebolsillo.com\/index.php\/wp-json\/wp\/v2\/media\/2621"}],"wp:attachment":[{"href":"https:\/\/libreriahistoriasdebolsillo.com\/index.php\/wp-json\/wp\/v2\/media?parent=2437"}],"wp:term":[{"taxonomy":"product_brand","embeddable":true,"href":"https:\/\/libreriahistoriasdebolsillo.com\/index.php\/wp-json\/wp\/v2\/product_brand?post=2437"},{"taxonomy":"product_cat","embeddable":true,"href":"https:\/\/libreriahistoriasdebolsillo.com\/index.php\/wp-json\/wp\/v2\/product_cat?post=2437"},{"taxonomy":"product_tag","embeddable":true,"href":"https:\/\/libreriahistoriasdebolsillo.com\/index.php\/wp-json\/wp\/v2\/product_tag?post=2437"}],"curies":[{"name":"wp","href":"https:\/\/api.w.org\/{rel}","templated":true}]}}