{"id":2445,"date":"2023-11-25T19:12:42","date_gmt":"2023-11-26T01:12:42","guid":{"rendered":"https:\/\/libreriahistoriasdebolsillo.com\/?post_type=product&#038;p=2445"},"modified":"2024-01-05T11:35:17","modified_gmt":"2024-01-05T17:35:17","slug":"cita-a-ciegas-con-un-libro-70","status":"publish","type":"product","link":"https:\/\/libreriahistoriasdebolsillo.com\/index.php\/producto\/cita-a-ciegas-con-un-libro-70\/","title":{"rendered":"Cita a ciegas con un libro 70"},"content":{"rendered":"<ul>\n<li>Una polic\u00eda poco agraciada f\u00edsicamente, alcoh\u00f3lica y victima de violencia<\/li>\n<li>En su b\u00fasqueda por el amor llega al lugar equivocado, en el momento equivocado y termina involucrada en un asesinato<\/li>\n<li>Novela con tintes pol\u00edticos, autora de la famosa novela \u00abComo agua para chocolate\u00bb<\/li>\n<\/ul>\n","protected":false},"excerpt":{"rendered":"<p>Una polic\u00eda poco agraciada f\u00edsicamente, alcoh\u00f3lica y victima de violencia En su b\u00fasqueda por el amor llega al lugar equivocado, en el momento equivocado y termina involucrada en un asesinato Novela con tintes pol\u00edticos, autora de la famosa novela \u00abComo agua para chocolate\u00bb<\/p>\n","protected":false},"featured_media":2446,"template":"","meta":{"_joinchat":[]},"product_brand":[],"product_cat":[44,51],"product_tag":[],"class_list":{"0":"post-2445","1":"product","2":"type-product","3":"status-publish","4":"has-post-thumbnail","6":"product_cat-cita-a-ciegas-con-un-libro","7":"product_cat-oferta","9":"first","10":"outofstock","11":"shipping-taxable","12":"purchasable","13":"product-type-simple"},"_links":{"self":[{"href":"https:\/\/libreriahistoriasdebolsillo.com\/index.php\/wp-json\/wp\/v2\/product\/2445","targetHints":{"allow":["GET"]}}],"collection":[{"href":"https:\/\/libreriahistoriasdebolsillo.com\/index.php\/wp-json\/wp\/v2\/product"}],"about":[{"href":"https:\/\/libreriahistoriasdebolsillo.com\/index.php\/wp-json\/wp\/v2\/types\/product"}],"wp:featuredmedia":[{"embeddable":true,"href":"https:\/\/libreriahistoriasdebolsillo.com\/index.php\/wp-json\/wp\/v2\/media\/2446"}],"wp:attachment":[{"href":"https:\/\/libreriahistoriasdebolsillo.com\/index.php\/wp-json\/wp\/v2\/media?parent=2445"}],"wp:term":[{"taxonomy":"product_brand","embeddable":true,"href":"https:\/\/libreriahistoriasdebolsillo.com\/index.php\/wp-json\/wp\/v2\/product_brand?post=2445"},{"taxonomy":"product_cat","embeddable":true,"href":"https:\/\/libreriahistoriasdebolsillo.com\/index.php\/wp-json\/wp\/v2\/product_cat?post=2445"},{"taxonomy":"product_tag","embeddable":true,"href":"https:\/\/libreriahistoriasdebolsillo.com\/index.php\/wp-json\/wp\/v2\/product_tag?post=2445"}],"curies":[{"name":"wp","href":"https:\/\/api.w.org\/{rel}","templated":true}]}}