{"id":2473,"date":"2023-11-27T11:08:55","date_gmt":"2023-11-27T17:08:55","guid":{"rendered":"https:\/\/libreriahistoriasdebolsillo.com\/?post_type=product&#038;p=2473"},"modified":"2025-02-14T15:36:14","modified_gmt":"2025-02-14T21:36:14","slug":"cinder-cronicas-lunares-1","status":"publish","type":"product","link":"https:\/\/libreriahistoriasdebolsillo.com\/index.php\/producto\/cinder-cronicas-lunares-1\/","title":{"rendered":"Cr\u00f3nicas lunares 1. Cinder"},"content":{"rendered":"<p>TODO ESTO EMPIEZA CON \u201cHAB\u00cdA UNA VEZ\u201d\u2026<\/p>\n<p>Luego de la Cuarta Guerra Mundial, humanos y androides se api\u00f1an en las calles de una Nueva Beijing asolada por la peste. Mientras tanto, en la luna la reina Levana espera junto a su ej\u00e9rcito, confiada en que pronto tendr\u00e1 el dominio total de la Tierra.<\/p>\n<p>Nadie sabe que el destino de la humanidad depende de una chica.<\/p>\n<p>Y no de una cualquiera.<\/p>\n<p>Cinder es una mec\u00e1nica prodigiosa. Su pasado es un misterio. Su presente un martirio. Y su existencia\u2026 un secreto. Porque Cinder no es del todo humana y las chicas como ella no deber\u00edan existir.<\/p>\n<p>Hace un gran trabajo pasando desapercibida, hasta que el mism\u00edsimo pr\u00edncipe Kai aparece en su taller con un pedido desesperado y, de repente, Cinder se ve envuelta en un conflicto intergal\u00e1ctico, repleto de secretos, amores imposibles y traiciones en el que deber\u00e1 abrazar su pasado para poder salvar su futuro.<\/p>\n","protected":false},"excerpt":{"rendered":"<p>Marissa Meyer<\/p>\n","protected":false},"featured_media":2474,"template":"","meta":{"_joinchat":[]},"product_brand":[],"product_cat":[40,39,52],"product_tag":[48],"class_list":{"0":"post-2473","1":"product","2":"type-product","3":"status-publish","4":"has-post-thumbnail","6":"product_cat-ciencia-ficcion","7":"product_cat-fantasia","8":"product_cat-juvenil","9":"product_tag-vr-editoras","11":"first","12":"instock","13":"shipping-taxable","14":"purchasable","15":"product-type-simple"},"_links":{"self":[{"href":"https:\/\/libreriahistoriasdebolsillo.com\/index.php\/wp-json\/wp\/v2\/product\/2473","targetHints":{"allow":["GET"]}}],"collection":[{"href":"https:\/\/libreriahistoriasdebolsillo.com\/index.php\/wp-json\/wp\/v2\/product"}],"about":[{"href":"https:\/\/libreriahistoriasdebolsillo.com\/index.php\/wp-json\/wp\/v2\/types\/product"}],"wp:featuredmedia":[{"embeddable":true,"href":"https:\/\/libreriahistoriasdebolsillo.com\/index.php\/wp-json\/wp\/v2\/media\/2474"}],"wp:attachment":[{"href":"https:\/\/libreriahistoriasdebolsillo.com\/index.php\/wp-json\/wp\/v2\/media?parent=2473"}],"wp:term":[{"taxonomy":"product_brand","embeddable":true,"href":"https:\/\/libreriahistoriasdebolsillo.com\/index.php\/wp-json\/wp\/v2\/product_brand?post=2473"},{"taxonomy":"product_cat","embeddable":true,"href":"https:\/\/libreriahistoriasdebolsillo.com\/index.php\/wp-json\/wp\/v2\/product_cat?post=2473"},{"taxonomy":"product_tag","embeddable":true,"href":"https:\/\/libreriahistoriasdebolsillo.com\/index.php\/wp-json\/wp\/v2\/product_tag?post=2473"}],"curies":[{"name":"wp","href":"https:\/\/api.w.org\/{rel}","templated":true}]}}