{"id":2475,"date":"2023-11-27T11:10:06","date_gmt":"2023-11-27T17:10:06","guid":{"rendered":"https:\/\/libreriahistoriasdebolsillo.com\/?post_type=product&#038;p=2475"},"modified":"2025-02-14T15:36:41","modified_gmt":"2025-02-14T21:36:41","slug":"scarlet-cronicas-lunares-2","status":"publish","type":"product","link":"https:\/\/libreriahistoriasdebolsillo.com\/index.php\/producto\/scarlet-cronicas-lunares-2\/","title":{"rendered":"Cr\u00f3nicas lunares 2. Scarlet"},"content":{"rendered":"<p><strong>\u00bfQUI\u00c9N LE TEME AL LOBO FEROZ?<\/strong><\/p>\n<p>Mientras Cinder est\u00e1 a punto de convertirse en una de las fugitivas m\u00e1s buscadas, en la otra punta del mundo, Scarlet est\u00e1 segura de que alguien ha secuestrado a su abuela. Cuando la polic\u00eda cierra repentinamente el caso, decide continuar la b\u00fasqueda sola. Pero para hacerlo necesitar\u00e1 la ayuda de Wolf, un peleador callejero que parece ser el \u00fanico camino para llegar hasta ella.<\/p>\n<p>Juntos se sumergen en un mundo oscuro y peligroso, en donde conocen a Cinder y descubren que sus historias tienen m\u00e1s conexiones de las que podr\u00edan haber imaginado.<\/p>\n<p>Y, en equipo, deber\u00e1n enfrentar a la reina lunar Levana, quien est\u00e1 dispuesta a todo con tal de que el pr\u00edncipe Kai se convierta en su esposo\u2026<\/p>\n<p>En su rey.<\/p>\n<p>Y en su prisionero.<\/p>\n","protected":false},"excerpt":{"rendered":"<p>Marissa Meyer<\/p>\n","protected":false},"featured_media":2476,"template":"","meta":{"_joinchat":[]},"product_brand":[],"product_cat":[40,39,52],"product_tag":[48],"class_list":{"0":"post-2475","1":"product","2":"type-product","3":"status-publish","4":"has-post-thumbnail","6":"product_cat-ciencia-ficcion","7":"product_cat-fantasia","8":"product_cat-juvenil","9":"product_tag-vr-editoras","11":"first","12":"instock","13":"shipping-taxable","14":"purchasable","15":"product-type-simple"},"_links":{"self":[{"href":"https:\/\/libreriahistoriasdebolsillo.com\/index.php\/wp-json\/wp\/v2\/product\/2475","targetHints":{"allow":["GET"]}}],"collection":[{"href":"https:\/\/libreriahistoriasdebolsillo.com\/index.php\/wp-json\/wp\/v2\/product"}],"about":[{"href":"https:\/\/libreriahistoriasdebolsillo.com\/index.php\/wp-json\/wp\/v2\/types\/product"}],"wp:featuredmedia":[{"embeddable":true,"href":"https:\/\/libreriahistoriasdebolsillo.com\/index.php\/wp-json\/wp\/v2\/media\/2476"}],"wp:attachment":[{"href":"https:\/\/libreriahistoriasdebolsillo.com\/index.php\/wp-json\/wp\/v2\/media?parent=2475"}],"wp:term":[{"taxonomy":"product_brand","embeddable":true,"href":"https:\/\/libreriahistoriasdebolsillo.com\/index.php\/wp-json\/wp\/v2\/product_brand?post=2475"},{"taxonomy":"product_cat","embeddable":true,"href":"https:\/\/libreriahistoriasdebolsillo.com\/index.php\/wp-json\/wp\/v2\/product_cat?post=2475"},{"taxonomy":"product_tag","embeddable":true,"href":"https:\/\/libreriahistoriasdebolsillo.com\/index.php\/wp-json\/wp\/v2\/product_tag?post=2475"}],"curies":[{"name":"wp","href":"https:\/\/api.w.org\/{rel}","templated":true}]}}