{"id":2790,"date":"2023-11-29T18:06:30","date_gmt":"2023-11-30T00:06:30","guid":{"rendered":"https:\/\/libreriahistoriasdebolsillo.com\/?post_type=product&#038;p=2790"},"modified":"2023-12-09T17:49:49","modified_gmt":"2023-12-09T23:49:49","slug":"silvio-y-el-supercofre-explosivo","status":"publish","type":"product","link":"https:\/\/libreriahistoriasdebolsillo.com\/index.php\/producto\/silvio-y-el-supercofre-explosivo\/","title":{"rendered":"Silvio y el supercofre explosivo"},"content":{"rendered":"<p>\u00a1Silvio Gamer, el youtuber que arrasa en las redes, llega a las librer\u00edas con su primera gran aventura! \u00a1Qu\u00e9 locura! Este va a ser el mejor d\u00eda de la vida Silvio&#8230; Bueno, si consigue no meter la pata: PRIMERO: Ha sido invitado al Supercampeonato. \u00a1Un gran honor! SEGUNDO: Solo las criaturas m\u00e1s poderosas pueden participar. \u00a1Como \u00e9l! TERCERO: \u00a1El premio es nada m\u00e1s y nada menos que un Supercofre! Pero lograrlo no va a ser nada f\u00e1cil. Para ganar, Silvio va a tener que superar 10 niveles repletos de r\u00edos de lava, llucias de meteoritos, animales gigantes, explosivos por cada rinc\u00f3n&#8230; \u00a1Y todo esto junto con Thor, su poderos\u00edsimo compa\u00f1ero para esta aventura! \u00bfConseguir\u00e1n llegar hasta la l\u00ednea de meta?<\/p>\n","protected":false},"excerpt":{"rendered":"<p>Silvio<\/p>\n","protected":false},"featured_media":2791,"template":"","meta":{"_joinchat":[]},"product_brand":[],"product_cat":[54],"product_tag":[34],"class_list":{"0":"post-2790","1":"product","2":"type-product","3":"status-publish","4":"has-post-thumbnail","6":"product_cat-infantil","7":"product_tag-penguin-random-house","9":"first","10":"outofstock","11":"shipping-taxable","12":"purchasable","13":"product-type-simple"},"_links":{"self":[{"href":"https:\/\/libreriahistoriasdebolsillo.com\/index.php\/wp-json\/wp\/v2\/product\/2790","targetHints":{"allow":["GET"]}}],"collection":[{"href":"https:\/\/libreriahistoriasdebolsillo.com\/index.php\/wp-json\/wp\/v2\/product"}],"about":[{"href":"https:\/\/libreriahistoriasdebolsillo.com\/index.php\/wp-json\/wp\/v2\/types\/product"}],"wp:featuredmedia":[{"embeddable":true,"href":"https:\/\/libreriahistoriasdebolsillo.com\/index.php\/wp-json\/wp\/v2\/media\/2791"}],"wp:attachment":[{"href":"https:\/\/libreriahistoriasdebolsillo.com\/index.php\/wp-json\/wp\/v2\/media?parent=2790"}],"wp:term":[{"taxonomy":"product_brand","embeddable":true,"href":"https:\/\/libreriahistoriasdebolsillo.com\/index.php\/wp-json\/wp\/v2\/product_brand?post=2790"},{"taxonomy":"product_cat","embeddable":true,"href":"https:\/\/libreriahistoriasdebolsillo.com\/index.php\/wp-json\/wp\/v2\/product_cat?post=2790"},{"taxonomy":"product_tag","embeddable":true,"href":"https:\/\/libreriahistoriasdebolsillo.com\/index.php\/wp-json\/wp\/v2\/product_tag?post=2790"}],"curies":[{"name":"wp","href":"https:\/\/api.w.org\/{rel}","templated":true}]}}