{"id":2792,"date":"2023-11-29T18:09:06","date_gmt":"2023-11-30T00:09:06","guid":{"rendered":"https:\/\/libreriahistoriasdebolsillo.com\/?post_type=product&#038;p=2792"},"modified":"2024-04-18T12:38:39","modified_gmt":"2024-04-18T18:38:39","slug":"las-alas-de-sophie","status":"publish","type":"product","link":"https:\/\/libreriahistoriasdebolsillo.com\/index.php\/producto\/las-alas-de-sophie\/","title":{"rendered":"Las alas de Sophie"},"content":{"rendered":"<p><strong>Una chica. Un adi\u00f3s y un comienzo. Dos historias de amor.<\/strong><\/p>\n<p>Cuando Sophie se enamor\u00f3 de Simon, supo que juntos tejer\u00edan una inolvidable historia llena de vivencias y canciones, pero todo acab\u00f3 una noche de enero y sus sue\u00f1os se quedaron congelados en aquel invierno eterno, el m\u00e1s largo y fr\u00edo que nunca pudo imaginar. Hasta que el hielo empieza a derretirse para que \u00c1msterdam se vista de primavera. Entonces, Sophie descubre que Koen estar\u00e1 a su lado cuando decida alzar el vuelo, que su familia y amigos son su br\u00fajula, que ganar requiere de ingenio y que el coraz\u00f3n sigue sus propias reglas.<\/p>\n","protected":false},"excerpt":{"rendered":"<p>Alice Kellen<\/p>\n","protected":false},"featured_media":2793,"template":"","meta":{"_joinchat":[]},"product_brand":[],"product_cat":[52,35],"product_tag":[45],"class_list":{"0":"post-2792","1":"product","2":"type-product","3":"status-publish","4":"has-post-thumbnail","6":"product_cat-juvenil","7":"product_cat-romantica","8":"product_tag-planeta","10":"first","11":"outofstock","12":"shipping-taxable","13":"purchasable","14":"product-type-simple"},"_links":{"self":[{"href":"https:\/\/libreriahistoriasdebolsillo.com\/index.php\/wp-json\/wp\/v2\/product\/2792","targetHints":{"allow":["GET"]}}],"collection":[{"href":"https:\/\/libreriahistoriasdebolsillo.com\/index.php\/wp-json\/wp\/v2\/product"}],"about":[{"href":"https:\/\/libreriahistoriasdebolsillo.com\/index.php\/wp-json\/wp\/v2\/types\/product"}],"wp:featuredmedia":[{"embeddable":true,"href":"https:\/\/libreriahistoriasdebolsillo.com\/index.php\/wp-json\/wp\/v2\/media\/2793"}],"wp:attachment":[{"href":"https:\/\/libreriahistoriasdebolsillo.com\/index.php\/wp-json\/wp\/v2\/media?parent=2792"}],"wp:term":[{"taxonomy":"product_brand","embeddable":true,"href":"https:\/\/libreriahistoriasdebolsillo.com\/index.php\/wp-json\/wp\/v2\/product_brand?post=2792"},{"taxonomy":"product_cat","embeddable":true,"href":"https:\/\/libreriahistoriasdebolsillo.com\/index.php\/wp-json\/wp\/v2\/product_cat?post=2792"},{"taxonomy":"product_tag","embeddable":true,"href":"https:\/\/libreriahistoriasdebolsillo.com\/index.php\/wp-json\/wp\/v2\/product_tag?post=2792"}],"curies":[{"name":"wp","href":"https:\/\/api.w.org\/{rel}","templated":true}]}}