{"id":2797,"date":"2023-12-04T12:27:50","date_gmt":"2023-12-04T18:27:50","guid":{"rendered":"https:\/\/libreriahistoriasdebolsillo.com\/?post_type=product&#038;p=2797"},"modified":"2024-12-14T17:46:05","modified_gmt":"2024-12-14T23:46:05","slug":"la-eneida-pasta-dura","status":"publish","type":"product","link":"https:\/\/libreriahistoriasdebolsillo.com\/index.php\/producto\/la-eneida-pasta-dura\/","title":{"rendered":"La eneida (Pasta dura)"},"content":{"rendered":"<p>La Eneida es el mito fundacional de la Ciudad Eterna, Roma, y de su leyenda. Un texto encargado por el emperador Augusto al poeta Publio Virgilio Mar\u00f3n en el que deb\u00eda establecer la historia del linaje de R\u00f3mulo y Remo y asentar la leyenda de todas las grandes haza\u00f1as que los romanos llevar\u00edan a cabo. As\u00ed, tomando como base los acontecimientos de la Il\u00edada y la Odisea de Homero, el poeta construy\u00f3 una narraci\u00f3n que le llev\u00f3 once a\u00f1os de su vida y que dividi\u00f3 en doce libros distintos.El gran protagonista de la historia es Eneas, un noble troyano que aparece en la Il\u00edada y al que el esp\u00edritu de H\u00e9ctor, convocado por los dioses, alerta de que abandone la ciudad de Ili\u00f3n ya que caer\u00e1 ante los ej\u00e9rcitos griegos. La historia comienza in media res (a mitad), cuando el troyano y los suyos llegan a Cartago para refugiarse de una terrible tormenta. All\u00ed, la reina Dido se enamora de Eneas y le pide que narre, a modo de flashbacks, sus aventuras. Es as\u00ed como conocemos que el h\u00e9roe y los \u00faltimos troyanos dejaron la ciudad en busca de la tierra de sus ancestros, donde J\u00fapiter les hab\u00eda ordenado que fundaran una nueva ciudad.<\/p>\n","protected":false},"excerpt":{"rendered":"<p>Publio Virgilio Mar\u00f3n<\/p>\n","protected":false},"featured_media":2798,"template":"","meta":{"_joinchat":[]},"product_brand":[],"product_cat":[42,51],"product_tag":[],"class_list":{"0":"post-2797","1":"product","2":"type-product","3":"status-publish","4":"has-post-thumbnail","6":"product_cat-literatura-clasica","7":"product_cat-oferta","9":"first","10":"outofstock","11":"sale","12":"shipping-taxable","13":"purchasable","14":"product-type-simple"},"_links":{"self":[{"href":"https:\/\/libreriahistoriasdebolsillo.com\/index.php\/wp-json\/wp\/v2\/product\/2797","targetHints":{"allow":["GET"]}}],"collection":[{"href":"https:\/\/libreriahistoriasdebolsillo.com\/index.php\/wp-json\/wp\/v2\/product"}],"about":[{"href":"https:\/\/libreriahistoriasdebolsillo.com\/index.php\/wp-json\/wp\/v2\/types\/product"}],"wp:featuredmedia":[{"embeddable":true,"href":"https:\/\/libreriahistoriasdebolsillo.com\/index.php\/wp-json\/wp\/v2\/media\/2798"}],"wp:attachment":[{"href":"https:\/\/libreriahistoriasdebolsillo.com\/index.php\/wp-json\/wp\/v2\/media?parent=2797"}],"wp:term":[{"taxonomy":"product_brand","embeddable":true,"href":"https:\/\/libreriahistoriasdebolsillo.com\/index.php\/wp-json\/wp\/v2\/product_brand?post=2797"},{"taxonomy":"product_cat","embeddable":true,"href":"https:\/\/libreriahistoriasdebolsillo.com\/index.php\/wp-json\/wp\/v2\/product_cat?post=2797"},{"taxonomy":"product_tag","embeddable":true,"href":"https:\/\/libreriahistoriasdebolsillo.com\/index.php\/wp-json\/wp\/v2\/product_tag?post=2797"}],"curies":[{"name":"wp","href":"https:\/\/api.w.org\/{rel}","templated":true}]}}