{"id":2799,"date":"2023-12-04T12:34:33","date_gmt":"2023-12-04T18:34:33","guid":{"rendered":"https:\/\/libreriahistoriasdebolsillo.com\/?post_type=product&#038;p=2799"},"modified":"2025-06-14T13:41:44","modified_gmt":"2025-06-14T19:41:44","slug":"una-princesa-de-marte-pasta-dura","status":"publish","type":"product","link":"https:\/\/libreriahistoriasdebolsillo.com\/index.php\/producto\/una-princesa-de-marte-pasta-dura\/","title":{"rendered":"Una princesa de marte (Pasta dura)"},"content":{"rendered":"<p>Edgar Rice Burroughs es el creador de Tarz\u00e1n, su otro h\u00e9roe famoso fue John Carter, un explorador que por azares del destino termina viviendo incre\u00edbles aventuras en Marte. En su obra Una princesa de Marte, parte de una trilog\u00eda protagonizada por este h\u00e9roe, descubrimos unas de las obras de ciencia ficci\u00f3n que revolucion\u00f3 el g\u00e9nero. Una novela considerara un cl\u00e1sico que no puede faltar en la biblioteca de ning\u00fan experto en ciencia ficci\u00f3n y que ha inspirado no s\u00f3lo pel\u00edculas sino tambi\u00e9n a muchos otros escritores como Ray Bradbury, Arthur C. Clarke e incluso a cient\u00edficos como Carl Sagan.<\/p>\n","protected":false},"excerpt":{"rendered":"<p>Edgar Rice Burroughs<\/p>\n","protected":false},"featured_media":2800,"template":"","meta":{"_joinchat":[]},"product_brand":[],"product_cat":[42,51],"product_tag":[47],"class_list":{"0":"post-2799","1":"product","2":"type-product","3":"status-publish","4":"has-post-thumbnail","6":"product_cat-literatura-clasica","7":"product_cat-oferta","8":"product_tag-editories-mexicanos-unidos","10":"first","11":"outofstock","12":"sale","13":"shipping-taxable","14":"purchasable","15":"product-type-simple"},"_links":{"self":[{"href":"https:\/\/libreriahistoriasdebolsillo.com\/index.php\/wp-json\/wp\/v2\/product\/2799","targetHints":{"allow":["GET"]}}],"collection":[{"href":"https:\/\/libreriahistoriasdebolsillo.com\/index.php\/wp-json\/wp\/v2\/product"}],"about":[{"href":"https:\/\/libreriahistoriasdebolsillo.com\/index.php\/wp-json\/wp\/v2\/types\/product"}],"wp:featuredmedia":[{"embeddable":true,"href":"https:\/\/libreriahistoriasdebolsillo.com\/index.php\/wp-json\/wp\/v2\/media\/2800"}],"wp:attachment":[{"href":"https:\/\/libreriahistoriasdebolsillo.com\/index.php\/wp-json\/wp\/v2\/media?parent=2799"}],"wp:term":[{"taxonomy":"product_brand","embeddable":true,"href":"https:\/\/libreriahistoriasdebolsillo.com\/index.php\/wp-json\/wp\/v2\/product_brand?post=2799"},{"taxonomy":"product_cat","embeddable":true,"href":"https:\/\/libreriahistoriasdebolsillo.com\/index.php\/wp-json\/wp\/v2\/product_cat?post=2799"},{"taxonomy":"product_tag","embeddable":true,"href":"https:\/\/libreriahistoriasdebolsillo.com\/index.php\/wp-json\/wp\/v2\/product_tag?post=2799"}],"curies":[{"name":"wp","href":"https:\/\/api.w.org\/{rel}","templated":true}]}}