{"id":2811,"date":"2023-12-04T13:02:34","date_gmt":"2023-12-04T19:02:34","guid":{"rendered":"https:\/\/libreriahistoriasdebolsillo.com\/?post_type=product&#038;p=2811"},"modified":"2024-09-19T16:48:09","modified_gmt":"2024-09-19T22:48:09","slug":"emma-pasta-dura","status":"publish","type":"product","link":"https:\/\/libreriahistoriasdebolsillo.com\/index.php\/producto\/emma-pasta-dura\/","title":{"rendered":"Emma (Pasta dura)"},"content":{"rendered":"<p>Jane Austen creo historias \u00fanicas donde su prosa es visiblemente elegante, fluida y con cierto tono sarc\u00e1stico; adem\u00e1s de que aborda con detalle, humor, capacidad de observaci\u00f3n y agudeza psicol\u00f3gica, los diferentes retratos locales en torno a conflictos rom\u00e1nticos. En sus obras claramente se puede apreciar el dise\u00f1o propio de Austen mediante su perspectiva femenina, inteligencia e iron\u00eda mostrando, a trav\u00e9s de los ojos de una mujer, la posici\u00f3n, el pensamiento y la perspectiva de la mujer de la \u00e9poca, lo que ha llevado a colocarse como un fuerte icono feminista. En este sentido, Emma, La \u00faltima novela de Jane Austen p\u00fablico en vida, es una muestra clara de su grandeza y talento, siendo una trama que relata la historia de una joven en la Inglaterra del siglo XIX, quien vive de una forma com\u00fan en su tiempo, una vida solitaria a nivel sentimental que la lleva sentirse vac\u00eda y a reflexionar sobre c\u00f3mo podr\u00eda ayudar a los dem\u00e1s a tener una vida perfecta\u2026 sin embargo, esta bella historia lleva en si misma mucho m\u00e1s, algo que logra cautivar a todo aquel que se adentra en la trama y los diversos retratos de la sociedad inglesa del siglo XIX; as\u00ed pues, en esta bella edici\u00f3n se presenta al lector una traducci\u00f3n \u00edntegra de una de las m\u00e1s famosas novelas de Jane Austen.<\/p>\n","protected":false},"excerpt":{"rendered":"<p>Jane Austen<\/p>\n","protected":false},"featured_media":2812,"template":"","meta":{"_joinchat":[]},"product_brand":[],"product_cat":[42,51],"product_tag":[47],"class_list":{"0":"post-2811","1":"product","2":"type-product","3":"status-publish","4":"has-post-thumbnail","6":"product_cat-literatura-clasica","7":"product_cat-oferta","8":"product_tag-editories-mexicanos-unidos","10":"first","11":"outofstock","12":"sale","13":"shipping-taxable","14":"purchasable","15":"product-type-simple"},"_links":{"self":[{"href":"https:\/\/libreriahistoriasdebolsillo.com\/index.php\/wp-json\/wp\/v2\/product\/2811","targetHints":{"allow":["GET"]}}],"collection":[{"href":"https:\/\/libreriahistoriasdebolsillo.com\/index.php\/wp-json\/wp\/v2\/product"}],"about":[{"href":"https:\/\/libreriahistoriasdebolsillo.com\/index.php\/wp-json\/wp\/v2\/types\/product"}],"wp:featuredmedia":[{"embeddable":true,"href":"https:\/\/libreriahistoriasdebolsillo.com\/index.php\/wp-json\/wp\/v2\/media\/2812"}],"wp:attachment":[{"href":"https:\/\/libreriahistoriasdebolsillo.com\/index.php\/wp-json\/wp\/v2\/media?parent=2811"}],"wp:term":[{"taxonomy":"product_brand","embeddable":true,"href":"https:\/\/libreriahistoriasdebolsillo.com\/index.php\/wp-json\/wp\/v2\/product_brand?post=2811"},{"taxonomy":"product_cat","embeddable":true,"href":"https:\/\/libreriahistoriasdebolsillo.com\/index.php\/wp-json\/wp\/v2\/product_cat?post=2811"},{"taxonomy":"product_tag","embeddable":true,"href":"https:\/\/libreriahistoriasdebolsillo.com\/index.php\/wp-json\/wp\/v2\/product_tag?post=2811"}],"curies":[{"name":"wp","href":"https:\/\/api.w.org\/{rel}","templated":true}]}}