{"id":2822,"date":"2023-12-05T11:43:24","date_gmt":"2023-12-05T17:43:24","guid":{"rendered":"https:\/\/libreriahistoriasdebolsillo.com\/?post_type=product&#038;p=2822"},"modified":"2024-08-22T12:17:00","modified_gmt":"2024-08-22T18:17:00","slug":"romper-el-circulo","status":"publish","type":"product","link":"https:\/\/libreriahistoriasdebolsillo.com\/index.php\/producto\/romper-el-circulo\/","title":{"rendered":"Romper el c\u00edrculo"},"content":{"rendered":"<p>A veces qui\u00e9n m\u00e1s te quiere. Es quien m\u00e1s da\u00f1o te hace.<\/p>\n<p>Lily no siempre ha tenido una vida f\u00e1cil, pero eso nunca le ha impedido luchar por lo que quiere y ha recorrido un largo camino para llegar a donde est\u00e1 ahora. Su vida comienza a cambiar el d\u00eda que Ryle Kincaid, un extraordinario neurocirujano, se fija en ella. Ryle es asertivo, terco, tal vez incluso un poco arrogante, pero tambi\u00e9n es sensible, tremendamente atractivo, brillante, y tiene una debilidad total por ella. Todo en \u00e9l es perfecto, salvo su completa aversi\u00f3n a las relaciones, as\u00ed que cuando Lily se da cuenta de que ella es la excepci\u00f3n a su regla de \u00abno tener citas\u00bb, no puede evitar preguntarse por qu\u00e9 ha tomado esa decisi\u00f3n.<\/p>\n<p>A medida que las preguntas sobre su nueva relaci\u00f3n la asaltan, tambi\u00e9n lo hacen los pensamientos sobre Atlas Corrigan, su primer amor y un v\u00ednculo con el pasado que dej\u00f3 atr\u00e1s. \u00c9l era su alma gemela, su protector. Cuando Atlas reaparece repentinamente y Ryle comienza a mostrar su verdadera cara, todo lo que Lily ha construido con \u00e9l se ve amenazado.<\/p>\n","protected":false},"excerpt":{"rendered":"<p>Colleen Hoover<\/p>\n","protected":false},"featured_media":2823,"template":"","meta":{"_joinchat":[]},"product_brand":[],"product_cat":[33,35],"product_tag":[45],"class_list":{"0":"post-2822","1":"product","2":"type-product","3":"status-publish","4":"has-post-thumbnail","6":"product_cat-ficcion-general","7":"product_cat-romantica","8":"product_tag-planeta","10":"first","11":"outofstock","12":"shipping-taxable","13":"purchasable","14":"product-type-simple"},"_links":{"self":[{"href":"https:\/\/libreriahistoriasdebolsillo.com\/index.php\/wp-json\/wp\/v2\/product\/2822","targetHints":{"allow":["GET"]}}],"collection":[{"href":"https:\/\/libreriahistoriasdebolsillo.com\/index.php\/wp-json\/wp\/v2\/product"}],"about":[{"href":"https:\/\/libreriahistoriasdebolsillo.com\/index.php\/wp-json\/wp\/v2\/types\/product"}],"wp:featuredmedia":[{"embeddable":true,"href":"https:\/\/libreriahistoriasdebolsillo.com\/index.php\/wp-json\/wp\/v2\/media\/2823"}],"wp:attachment":[{"href":"https:\/\/libreriahistoriasdebolsillo.com\/index.php\/wp-json\/wp\/v2\/media?parent=2822"}],"wp:term":[{"taxonomy":"product_brand","embeddable":true,"href":"https:\/\/libreriahistoriasdebolsillo.com\/index.php\/wp-json\/wp\/v2\/product_brand?post=2822"},{"taxonomy":"product_cat","embeddable":true,"href":"https:\/\/libreriahistoriasdebolsillo.com\/index.php\/wp-json\/wp\/v2\/product_cat?post=2822"},{"taxonomy":"product_tag","embeddable":true,"href":"https:\/\/libreriahistoriasdebolsillo.com\/index.php\/wp-json\/wp\/v2\/product_tag?post=2822"}],"curies":[{"name":"wp","href":"https:\/\/api.w.org\/{rel}","templated":true}]}}