{"id":2824,"date":"2023-12-05T11:48:59","date_gmt":"2023-12-05T17:48:59","guid":{"rendered":"https:\/\/libreriahistoriasdebolsillo.com\/?post_type=product&#038;p=2824"},"modified":"2024-03-16T11:19:43","modified_gmt":"2024-03-16T17:19:43","slug":"el-diario-de-ana-frank","status":"publish","type":"product","link":"https:\/\/libreriahistoriasdebolsillo.com\/index.php\/producto\/el-diario-de-ana-frank\/","title":{"rendered":"El diario de Ana Frank"},"content":{"rendered":"<div class=\"hidden-xs hidden-sm\">\n<p>Ana Frank narra en su estremecedor Diario el horror, el salvajismo nazi, los sentimientos y experiencias de la propia Ana y sus acompa\u00f1antes. Por ella se ha mantenenido vivo el triste recuerdo del holocausto, que sin duda es una de las mayores crueldades de la historia. Tras la invasi\u00f3n de Holanda, los Frank, comerciantes jud\u00edos alemanes emigrados a Amsterdam en 1933, tuvieron que ocultarse de la Gestapo en una buhardilla anexa al edificio donde el padre de Ana ten\u00eda sus oficinas y a la cual Ana le llamaba el Anexo. Despu\u00e9s de m\u00e1s de dos a\u00f1os, un informador neerland\u00e9s gui\u00f3 a la Gestapo a su escondite en donde fueron arrestados por la Gr\u00fcne Polizei el 4 de agosto de 1944 y un mes despu\u00e9s, el 2 de septiembre, toda la familia fue trasladada en tren de Westerbork (campo de concentraci\u00f3n en el noreste de Holanda) hacia el Campo de concentraci\u00f3n de Auschwitz. Miep Gies y Bep Voskuijl, dos de las personas que los protegieron mientras estuvieron escondidos, encontraron y guardaron el Diario y otros papeles de Ana.<\/p>\n<\/div>\n","protected":false},"excerpt":{"rendered":"<p>Annalies Marie Frank<\/p>\n","protected":false},"featured_media":2825,"template":"","meta":{"_joinchat":[]},"product_brand":[],"product_cat":[42,51],"product_tag":[],"class_list":{"0":"post-2824","1":"product","2":"type-product","3":"status-publish","4":"has-post-thumbnail","6":"product_cat-literatura-clasica","7":"product_cat-oferta","9":"first","10":"outofstock","11":"shipping-taxable","12":"purchasable","13":"product-type-simple"},"_links":{"self":[{"href":"https:\/\/libreriahistoriasdebolsillo.com\/index.php\/wp-json\/wp\/v2\/product\/2824","targetHints":{"allow":["GET"]}}],"collection":[{"href":"https:\/\/libreriahistoriasdebolsillo.com\/index.php\/wp-json\/wp\/v2\/product"}],"about":[{"href":"https:\/\/libreriahistoriasdebolsillo.com\/index.php\/wp-json\/wp\/v2\/types\/product"}],"wp:featuredmedia":[{"embeddable":true,"href":"https:\/\/libreriahistoriasdebolsillo.com\/index.php\/wp-json\/wp\/v2\/media\/2825"}],"wp:attachment":[{"href":"https:\/\/libreriahistoriasdebolsillo.com\/index.php\/wp-json\/wp\/v2\/media?parent=2824"}],"wp:term":[{"taxonomy":"product_brand","embeddable":true,"href":"https:\/\/libreriahistoriasdebolsillo.com\/index.php\/wp-json\/wp\/v2\/product_brand?post=2824"},{"taxonomy":"product_cat","embeddable":true,"href":"https:\/\/libreriahistoriasdebolsillo.com\/index.php\/wp-json\/wp\/v2\/product_cat?post=2824"},{"taxonomy":"product_tag","embeddable":true,"href":"https:\/\/libreriahistoriasdebolsillo.com\/index.php\/wp-json\/wp\/v2\/product_tag?post=2824"}],"curies":[{"name":"wp","href":"https:\/\/api.w.org\/{rel}","templated":true}]}}