{"id":2826,"date":"2023-12-05T11:51:30","date_gmt":"2023-12-05T17:51:30","guid":{"rendered":"https:\/\/libreriahistoriasdebolsillo.com\/?post_type=product&#038;p=2826"},"modified":"2023-12-20T15:54:56","modified_gmt":"2023-12-20T21:54:56","slug":"el-arte-de-la-guerra-2","status":"publish","type":"product","link":"https:\/\/libreriahistoriasdebolsillo.com\/index.php\/producto\/el-arte-de-la-guerra-2\/","title":{"rendered":"Del arte de la guerra"},"content":{"rendered":"<p>Esta obra nos dice que siempre se deben analizar los factores que pueden influir en una guerra. La doctrina, el tiempo, el terreno, el mando y la disciplina son cosas que pueden estar a nuestro favor o en contra, por eso, antes de afrontar cualquier problema hay que analizar cuidadosamente la situaci\u00f3n, pues aunque estemos en desventaja, actuando con habilidad podemos cambiar las cosas a nuestro favor, porque aun en la peor situaci\u00f3n se puede salir a flote siendo h\u00e1bil para valernos de cualquier elemento favorable. Por eso debemos pensar muy bien las cosas antes de actuar. Mientras menos dure una guerra, m\u00e1s beneficios tendremos. El acabar con \u00e9sta r\u00e1pidamente significa una menor p\u00e9rdida de recursos propios y por lo tanto una mayor ganancia de los del enemigo. En las guerras a diferencia de la vida, la persistencia no significa que a la larga ganemos, pero si sabemos utilizar al enemigo para vencer, seguramente lo lograremos en cualquier lugar.<\/p>\n","protected":false},"excerpt":{"rendered":"<p>Nicol\u00e1s Maquiavelo<\/p>\n","protected":false},"featured_media":2827,"template":"","meta":{"_joinchat":[]},"product_brand":[],"product_cat":[42,51],"product_tag":[],"class_list":{"0":"post-2826","1":"product","2":"type-product","3":"status-publish","4":"has-post-thumbnail","6":"product_cat-literatura-clasica","7":"product_cat-oferta","9":"first","10":"outofstock","11":"shipping-taxable","12":"purchasable","13":"product-type-simple"},"_links":{"self":[{"href":"https:\/\/libreriahistoriasdebolsillo.com\/index.php\/wp-json\/wp\/v2\/product\/2826","targetHints":{"allow":["GET"]}}],"collection":[{"href":"https:\/\/libreriahistoriasdebolsillo.com\/index.php\/wp-json\/wp\/v2\/product"}],"about":[{"href":"https:\/\/libreriahistoriasdebolsillo.com\/index.php\/wp-json\/wp\/v2\/types\/product"}],"wp:featuredmedia":[{"embeddable":true,"href":"https:\/\/libreriahistoriasdebolsillo.com\/index.php\/wp-json\/wp\/v2\/media\/2827"}],"wp:attachment":[{"href":"https:\/\/libreriahistoriasdebolsillo.com\/index.php\/wp-json\/wp\/v2\/media?parent=2826"}],"wp:term":[{"taxonomy":"product_brand","embeddable":true,"href":"https:\/\/libreriahistoriasdebolsillo.com\/index.php\/wp-json\/wp\/v2\/product_brand?post=2826"},{"taxonomy":"product_cat","embeddable":true,"href":"https:\/\/libreriahistoriasdebolsillo.com\/index.php\/wp-json\/wp\/v2\/product_cat?post=2826"},{"taxonomy":"product_tag","embeddable":true,"href":"https:\/\/libreriahistoriasdebolsillo.com\/index.php\/wp-json\/wp\/v2\/product_tag?post=2826"}],"curies":[{"name":"wp","href":"https:\/\/api.w.org\/{rel}","templated":true}]}}