{"id":2841,"date":"2023-12-06T17:07:16","date_gmt":"2023-12-06T23:07:16","guid":{"rendered":"https:\/\/libreriahistoriasdebolsillo.com\/?post_type=product&#038;p=2841"},"modified":"2024-03-19T18:10:20","modified_gmt":"2024-03-20T00:10:20","slug":"las-senoras-del-narco","status":"publish","type":"product","link":"https:\/\/libreriahistoriasdebolsillo.com\/index.php\/producto\/las-senoras-del-narco\/","title":{"rendered":"Las se\u00f1oras del narco"},"content":{"rendered":"<p>Tras publicar<i><b>\u00a0Emma y las otras se\u00f1oras del narco<\/b><\/i>\u00a0y convocar a romper el pacto de impunidad dentro de los c\u00e1rteles de la droga,<b>\u00a0Anabel Hern\u00e1ndez<\/b>\u00a0recibi\u00f3 un inquietante mensaje. Mujeres y hombres respondieron al llamado, revelando los secretos delmundo en el que han vivido. Es as\u00ed como Celeste, quien durante m\u00e1s de una d\u00e9cada fue pareja sentimental de<b>\u00a0Arturo Beltr\u00e1n Leyva\u00a0<\/b>, se convierte en la gu\u00eda de un viaje en el infierno donde ella vivi\u00f3 y conoci\u00f3 a los jefes de la droga m\u00e1s temidos de los \u00faltimos tiempos.<\/p>\n<p>Por medio de un testimonio descarnado y sin censura, el lector sube a una monta\u00f1a rusa y hace un recorrido con pendientes pronunciadas, giros inesperados y cruces mortales por el inframundo del<b>\u00a0narcotr\u00e1fico<\/b>. En diversas partes del trayecto, junto con los jefes de la droga, aparecen funcionarios p\u00fablicos, empresarios y pol\u00edticos en reuniones, llamadas telef\u00f3nicas y grabaciones. En otros tramos, se ve caminar con tacones altos a decenas de mujeres cuya presencia motiva y perpet\u00faa la maquinaria criminal. Celeste no solo abunda en detalles sobre las famosas<b>\u00a0Ninel Conde<\/b>\u00a0y<b>\u00a0Galilea Montijo<\/b>\u00a0y su v\u00ednculo con<b>\u00a0Arturo Beltr\u00e1nLeyva<\/b>, sino que revela la interacci\u00f3n de otras famosas como<b>\u00a0Mariana R\u00edos<\/b>,<b>\u00a0Dorismar<\/b>,<b>\u00a0Betty Monroe<\/b>,<b>\u00a0Karla Luna<\/b>,<b>\u00a0Karla Panini<\/b>,<b>\u00a0Patricia Navidad<\/b>\u00a0o la socialit\u00e9<b>\u00a0Violeta Vizcarra<\/b>, una de las encargadas de enganchar a las famosas para llevarlas ante el l\u00edder de los Beltr\u00e1n Leyva.<\/p>\n<p>En el \u00faltimo tramo, la autora explora infiernos paralelos al de Celeste, incluyendo el propio. Asiste al juicio contra<b>\u00a0Genaro Garc\u00eda Luna<\/b>\u00a0en Nueva York, donde se encuentra con su esposa<b>\u00a0Linda Cristina Pereyra<\/b>. Y, finalmente, se adentra en los n\u00facleos familiares de<b>\u00a0los Chapitos<\/b>, cuyo momento criminal est\u00e1 en auge.<\/p>\n","protected":false},"excerpt":{"rendered":"<p>Anabel Hern\u00e1ndez<\/p>\n","protected":false},"featured_media":2842,"template":"","meta":{"_joinchat":[]},"product_brand":[],"product_cat":[41,64],"product_tag":[34],"class_list":{"0":"post-2841","1":"product","2":"type-product","3":"status-publish","4":"has-post-thumbnail","6":"product_cat-desarrollo-humano","7":"product_cat-periodismo","8":"product_tag-penguin-random-house","10":"first","11":"outofstock","12":"shipping-taxable","13":"purchasable","14":"product-type-simple"},"_links":{"self":[{"href":"https:\/\/libreriahistoriasdebolsillo.com\/index.php\/wp-json\/wp\/v2\/product\/2841","targetHints":{"allow":["GET"]}}],"collection":[{"href":"https:\/\/libreriahistoriasdebolsillo.com\/index.php\/wp-json\/wp\/v2\/product"}],"about":[{"href":"https:\/\/libreriahistoriasdebolsillo.com\/index.php\/wp-json\/wp\/v2\/types\/product"}],"wp:featuredmedia":[{"embeddable":true,"href":"https:\/\/libreriahistoriasdebolsillo.com\/index.php\/wp-json\/wp\/v2\/media\/2842"}],"wp:attachment":[{"href":"https:\/\/libreriahistoriasdebolsillo.com\/index.php\/wp-json\/wp\/v2\/media?parent=2841"}],"wp:term":[{"taxonomy":"product_brand","embeddable":true,"href":"https:\/\/libreriahistoriasdebolsillo.com\/index.php\/wp-json\/wp\/v2\/product_brand?post=2841"},{"taxonomy":"product_cat","embeddable":true,"href":"https:\/\/libreriahistoriasdebolsillo.com\/index.php\/wp-json\/wp\/v2\/product_cat?post=2841"},{"taxonomy":"product_tag","embeddable":true,"href":"https:\/\/libreriahistoriasdebolsillo.com\/index.php\/wp-json\/wp\/v2\/product_tag?post=2841"}],"curies":[{"name":"wp","href":"https:\/\/api.w.org\/{rel}","templated":true}]}}