{"id":2849,"date":"2023-12-06T17:29:46","date_gmt":"2023-12-06T23:29:46","guid":{"rendered":"https:\/\/libreriahistoriasdebolsillo.com\/?post_type=product&#038;p=2849"},"modified":"2025-03-27T16:35:39","modified_gmt":"2025-03-27T22:35:39","slug":"la-reina-negra","status":"publish","type":"product","link":"https:\/\/libreriahistoriasdebolsillo.com\/index.php\/producto\/la-reina-negra\/","title":{"rendered":"La reina negra"},"content":{"rendered":"<p>Nova Albright, la primera chica negra coronada reina del Instituto Lovett, est\u00e1 muerta. Duchess Simmons, su mejor amiga, lo tiene claro: Tinsley McArthur, la chica guapa, rica y blanca que cree que deber\u00eda haber ganado, har\u00eda cualquier cosa para continuar con la tradici\u00f3n de las McArthur. Incluso matar.<\/p>\n<p>Duchess est\u00e1 convencida de ello y no va a permitir que Tinsley se libre de las consecuencias. Por eso, se acercar\u00e1 a ella para conseguirlo&#8230;, aunque desconoce los planes que la propia Tinsley tiene entre manos.<\/p>\n<p>Todos quer\u00edan a Nova. Y el amor, a veces, es lo que te acaba matando.<\/p>\n","protected":false},"excerpt":{"rendered":"<p>Jumata Emill<\/p>\n","protected":false},"featured_media":2850,"template":"","meta":{"_joinchat":[]},"product_brand":[],"product_cat":[52,38],"product_tag":[34],"class_list":{"0":"post-2849","1":"product","2":"type-product","3":"status-publish","4":"has-post-thumbnail","6":"product_cat-juvenil","7":"product_cat-lgbtq","8":"product_tag-penguin-random-house","10":"first","11":"outofstock","12":"shipping-taxable","13":"purchasable","14":"product-type-simple"},"_links":{"self":[{"href":"https:\/\/libreriahistoriasdebolsillo.com\/index.php\/wp-json\/wp\/v2\/product\/2849","targetHints":{"allow":["GET"]}}],"collection":[{"href":"https:\/\/libreriahistoriasdebolsillo.com\/index.php\/wp-json\/wp\/v2\/product"}],"about":[{"href":"https:\/\/libreriahistoriasdebolsillo.com\/index.php\/wp-json\/wp\/v2\/types\/product"}],"wp:featuredmedia":[{"embeddable":true,"href":"https:\/\/libreriahistoriasdebolsillo.com\/index.php\/wp-json\/wp\/v2\/media\/2850"}],"wp:attachment":[{"href":"https:\/\/libreriahistoriasdebolsillo.com\/index.php\/wp-json\/wp\/v2\/media?parent=2849"}],"wp:term":[{"taxonomy":"product_brand","embeddable":true,"href":"https:\/\/libreriahistoriasdebolsillo.com\/index.php\/wp-json\/wp\/v2\/product_brand?post=2849"},{"taxonomy":"product_cat","embeddable":true,"href":"https:\/\/libreriahistoriasdebolsillo.com\/index.php\/wp-json\/wp\/v2\/product_cat?post=2849"},{"taxonomy":"product_tag","embeddable":true,"href":"https:\/\/libreriahistoriasdebolsillo.com\/index.php\/wp-json\/wp\/v2\/product_tag?post=2849"}],"curies":[{"name":"wp","href":"https:\/\/api.w.org\/{rel}","templated":true}]}}